{"id":99,"date":"2015-04-29T13:58:55","date_gmt":"2015-04-29T13:58:55","guid":{"rendered":"https:\/\/www.pleione-designfloral.com\/?page_id=99"},"modified":"2018-01-22T14:08:27","modified_gmt":"2018-01-22T14:08:27","slug":"deuil_se-recueillir","status":"publish","type":"page","link":"https:\/\/www.pleione-designfloral.com\/?page_id=99","title":{"rendered":"Se Recueillir"},"content":{"rendered":"<div class=\"wpb-content-wrapper\"><div class=\"vc_row wpb_row vc_row-fluid\"><div class=\"wpb_column vc_column_container vc_col-sm-12\"><div class=\"vc_column-inner\"><div class=\"wpb_wrapper\">\n\t<div  class=\"wpb_single_image wpb_content_element vc_align_left wpb_content_element\">\n\t\t\n\t\t<figure class=\"wpb_wrapper vc_figure\">\n\t\t\t<div class=\"vc_single_image-wrapper   vc_box_border_grey\"><img loading=\"lazy\" decoding=\"async\" width=\"1000\" height=\"300\" src=\"https:\/\/www.pleione-designfloral.com\/wp-content\/uploads\/2015\/04\/sesouvenir.jpg\" class=\"vc_single_image-img attachment-full\" alt=\"\" title=\"sesouvenir\" srcset=\"https:\/\/www.pleione-designfloral.com\/wp-content\/uploads\/2015\/04\/sesouvenir.jpg 1000w, https:\/\/www.pleione-designfloral.com\/wp-content\/uploads\/2015\/04\/sesouvenir-300x90.jpg 300w\" sizes=\"auto, (max-width: 1000px) 100vw, 1000px\" \/><\/div>\n\t\t<\/figure>\n\t<\/div>\n<\/div><\/div><\/div><\/div><div class=\"vc_row wpb_row vc_row-fluid\"><div class=\"wpb_column vc_column_container vc_col-sm-6\"><div class=\"vc_column-inner\"><div class=\"wpb_wrapper\"><div id=\"ts-vcsc-textillate-2757356\" class=\"ts-textillate   \" data-loop=\"false\" data-delay=\"100\" data-in-effect=\"ts-composer-css-fadeIn\" data-in-sync=\"false\" data-in-shuffle=\"false\" data-in-reverse=\"false\"  style=\"font-family: Lobster; color: #666666 !important; font-size: 24px; line-height: 24px; font-weight: inherit; text-align: left; margin-top: 0px; margin-bottom: 0px;\">Dernier hommage<\/div>\n\t<div class=\"wpb_text_column wpb_content_element\" >\n\t\t<div class=\"wpb_wrapper\">\n\t\t\t<p>Dernier geste d&rsquo;amour ou d&rsquo;amiti\u00e9 que l&rsquo;on offre \u00e0 un proche, <strong>le d\u00e9cor fun\u00e9raire<\/strong> doit r\u00e9pondre au mieux aux go\u00fbts du d\u00e9funt.<br \/>\nApr\u00e8s une \u00e9coute attentive, nous r\u00e9aliserons, pour vous, <strong>des compositions de qualit\u00e9,<\/strong> <strong>originales et charg\u00e9es d&rsquo;\u00e9motion<\/strong>.<\/p>\n<ul>\n<li><strong>Bouquet ronds<\/strong><\/li>\n<li><strong>Gerbe<\/strong> \u00e0 plat ou piqu\u00e9e<\/li>\n<li>Panier de <strong>fleurettes<\/strong><\/li>\n<li>Coussin rond, ovale ou conique<\/li>\n<li>Raquette<\/li>\n<li>C\u0153ur<\/li>\n<li>Devant de cercueil<\/li>\n<li><strong>Couronne \u00e0 plat<\/strong><\/li>\n<li>Dessus de cercueil<\/li>\n<li><strong>Habillage d\u2019urne fun\u00e9raire<\/strong><\/li>\n<\/ul>\n<p>Toutes nos pi\u00e8ces sont compatibles avec la cr\u00e9mation.<br \/>\nNous nous proposons aussi de <strong>fleurir les tombes<\/strong> de vos d\u00e9funts\u00a0: <strong>coupes de plantes<\/strong> ou <strong>paniers fleuris<\/strong> \u00e0 livrer \u00e0 la date de votre choix (Toussaint, anniversaires\u2026).<\/p>\n<p>Service disponible dans les communes environnantes.<br \/>\nMairies, associations, nous r\u00e9alisons vos gerbes et coussins pour toutes les comm\u00e9morations.<\/p>\n\n\t\t<\/div>\n\t<\/div>\n<\/div><\/div><\/div><div class=\"wpb_column vc_column_container vc_col-sm-6\"><div class=\"vc_column-inner\"><div class=\"wpb_wrapper\"><div class=\"wpb_gallery wpb_content_element vc_clearfix wpb_content_element\" ><div class=\"wpb_wrapper\"><div class=\"wpb_gallery_slides wpb_flexslider flexslider_fade flexslider\" data-interval=\"5\" data-flex_fx=\"fade\"><ul class=\"slides\"><li><a class=\"\" href=\"https:\/\/www.pleione-designfloral.com\/wp-content\/uploads\/2015\/04\/p1020014.jpg\" data-lightbox=\"lightbox[rel-99-397912275]\"><img decoding=\"async\" class=\"\" src=\"https:\/\/www.pleione-designfloral.com\/wp-content\/uploads\/2015\/04\/p1020014.jpg\" width=\"425\" height=\"425\" alt=\"Composition enterrement\" title=\"Composition enterrement\" loading=\"lazy\" \/><\/a><\/li><li><a class=\"\" href=\"https:\/\/www.pleione-designfloral.com\/wp-content\/uploads\/2015\/04\/p1070626.jpg\" data-lightbox=\"lightbox[rel-99-397912275]\"><img decoding=\"async\" class=\"\" src=\"https:\/\/www.pleione-designfloral.com\/wp-content\/uploads\/2015\/04\/p1070626.jpg\" width=\"425\" height=\"425\" alt=\"Fleuriste pour deuil\" title=\"Fleuriste pour deuil\" loading=\"lazy\" \/><\/a><\/li><li><a class=\"\" href=\"https:\/\/www.pleione-designfloral.com\/wp-content\/uploads\/2015\/04\/p1070515.jpg\" data-lightbox=\"lightbox[rel-99-397912275]\"><img decoding=\"async\" class=\"\" src=\"https:\/\/www.pleione-designfloral.com\/wp-content\/uploads\/2015\/04\/p1070515.jpg\" width=\"425\" height=\"425\" alt=\"Fleuriste pour floraison mortuaire\" title=\"Fleuriste pour floraison mortuaire\" loading=\"lazy\" \/><\/a><\/li><li><a class=\"\" href=\"https:\/\/www.pleione-designfloral.com\/wp-content\/uploads\/2015\/04\/p1070091.jpg\" data-lightbox=\"lightbox[rel-99-397912275]\"><img decoding=\"async\" class=\"\" src=\"https:\/\/www.pleione-designfloral.com\/wp-content\/uploads\/2015\/04\/p1070091.jpg\" width=\"425\" height=\"425\" alt=\"couronne de fleurs\" title=\"couronne de fleurs\" loading=\"lazy\" \/><\/a><\/li><li><a class=\"\" href=\"https:\/\/www.pleione-designfloral.com\/wp-content\/uploads\/2015\/04\/p1070005.jpg\" data-lightbox=\"lightbox[rel-99-397912275]\"><img decoding=\"async\" class=\"\" src=\"https:\/\/www.pleione-designfloral.com\/wp-content\/uploads\/2015\/04\/p1070005.jpg\" width=\"425\" height=\"425\" alt=\"Composition floral pour deuil\" title=\"Composition floral pour deuil\" loading=\"lazy\" \/><\/a><\/li><li><a class=\"\" href=\"https:\/\/www.pleione-designfloral.com\/wp-content\/uploads\/2015\/04\/p1070003.jpg\" data-lightbox=\"lightbox[rel-99-397912275]\"><img decoding=\"async\" class=\"\" src=\"https:\/\/www.pleione-designfloral.com\/wp-content\/uploads\/2015\/04\/p1070003.jpg\" width=\"425\" height=\"425\" alt=\"Gerbe de fleurs\" title=\"Gerbe de fleurs\" loading=\"lazy\" \/><\/a><\/li><li><a class=\"\" href=\"https:\/\/www.pleione-designfloral.com\/wp-content\/uploads\/2015\/04\/p1030904.jpg\" data-lightbox=\"lightbox[rel-99-397912275]\"><img decoding=\"async\" class=\"\" src=\"https:\/\/www.pleione-designfloral.com\/wp-content\/uploads\/2015\/04\/p1030904.jpg\" width=\"425\" height=\"425\" alt=\"D\u00e9coration de tombe\" title=\"D\u00e9coration de tombe\" loading=\"lazy\" \/><\/a><\/li><li><a class=\"\" href=\"https:\/\/www.pleione-designfloral.com\/wp-content\/uploads\/2015\/04\/p1020915.jpg\" data-lightbox=\"lightbox[rel-99-397912275]\"><img decoding=\"async\" class=\"\" src=\"https:\/\/www.pleione-designfloral.com\/wp-content\/uploads\/2015\/04\/p1020915.jpg\" width=\"425\" height=\"425\" alt=\"Composition floral d\u00e9ces\" title=\"Composition floral d\u00e9ces\" loading=\"lazy\" \/><\/a><\/li><li><a class=\"\" href=\"https:\/\/www.pleione-designfloral.com\/wp-content\/uploads\/2015\/04\/p1020681.jpg\" data-lightbox=\"lightbox[rel-99-397912275]\"><img decoding=\"async\" class=\"\" src=\"https:\/\/www.pleione-designfloral.com\/wp-content\/uploads\/2015\/04\/p1020681.jpg\" width=\"425\" height=\"425\" alt=\"Couronne de deuil insolite\" title=\"Couronne de deuil insolite\" loading=\"lazy\" \/><\/a><\/li><li><a class=\"\" href=\"https:\/\/www.pleione-designfloral.com\/wp-content\/uploads\/2015\/04\/p1020142.jpg\" data-lightbox=\"lightbox[rel-99-397912275]\"><img decoding=\"async\" class=\"\" src=\"https:\/\/www.pleione-designfloral.com\/wp-content\/uploads\/2015\/04\/p1020142.jpg\" width=\"425\" height=\"425\" alt=\"Bouquet pour enterrement\" title=\"Bouquet pour enterrement\" loading=\"lazy\" \/><\/a><\/li><li><a class=\"\" href=\"https:\/\/www.pleione-designfloral.com\/wp-content\/uploads\/2015\/04\/p1020131.jpg\" data-lightbox=\"lightbox[rel-99-397912275]\"><img decoding=\"async\" class=\"\" src=\"https:\/\/www.pleione-designfloral.com\/wp-content\/uploads\/2015\/04\/p1020131.jpg\" width=\"425\" height=\"425\" alt=\"Bouquet d\u00e9funt familiales\" title=\"Bouquet deBouquet d\u00e9funt familiales funt famillales\" loading=\"lazy\" \/><\/a><\/li><\/ul><\/div><\/div><\/div><\/div><\/div><\/div><\/div><div class=\"vc_row wpb_row vc_row-fluid\"><div class=\"wpb_column vc_column_container vc_col-sm-4\"><div class=\"vc_column-inner\"><div class=\"wpb_wrapper\"><\/div><\/div><\/div><div class=\"wpb_column vc_column_container vc_col-sm-4\"><div class=\"vc_column-inner\"><div class=\"wpb_wrapper\"><a id=\"ts-vcsc-image-switch-6336913-link\" class=\"ts-imageswitch-link \"  style=\"margin: 0; padding: 0;\" href=\"https:\/\/l.facebook.com\/l.php?u=https%3A%2F%2Ffleuristes-et-fleurs.com%2Ffleuriste%2Fpleione-moret-sur-loing-77250&h=ATMe9rHoYtmgMKIoMeBzzIs0jMjsrsiaGv03pO_KBEB_Vt8-22Ww_BOk0S5Vb9NkV-HgQOqT5udk_0d0gpC64BOdeIBMnZKGPat3oO8jPkaq7WU4qjvIxz2Qc8OsFiivqr8htViaR3xdVVfG4hRlZJfQx11JNwtS9BA\" target=\"_blank\" title=\"boutique fleuriste pleione\" data-random=\"6336913\"><div id=\"ts-vcsc-image-switch-6336913\" data-event=\"link\" data-trigger=\"ts-trigger-hover\" class=\"ts-imageswitch ts-imageswitch-fade ts-trigger-hover ts-imagefloat-center  ts-imageswitch-before   \"  style=\"margin-top: 0px; margin-bottom: 0px; width: 100%;\"><div id=\"ts-vcsc-image-switch-6336913-counter\" class=\"ts-switch-wrapper \" style=\"width: 100%; height: 100%;\"><div style=\"\" data-link=\"ts-vcsc-image-switch-6336913-link\" ><ol class=\"ts-imageswitch-items\" style=\"padding: 0px;\"><li class=\"ts-imageswitch__before active\" style=\"height: 100%;\"><img decoding=\"async\" src=\"https:\/\/www.pleione-designfloral.com\/wp-content\/uploads\/2018\/01\/boutique_pleione.jpg\" data-no-lazy=\"1\" loading=\"eager\" alt=\"boutique pleione\" style=\"width: 100%; height: auto;\" data-status=\"Before\"><\/li><li class=\"ts-imageswitch__after\" style=\"\" style=\"height: 100%;\"><img decoding=\"async\" src=\"https:\/\/www.pleione-designfloral.com\/wp-content\/uploads\/2018\/01\/boutique_pleione2.jpg\" data-no-lazy=\"1\" loading=\"eager\" alt=\"boutique fleuriste en ligne\" style=\"width: 100%; height: auto;\" data-status=\"After\" style=\"\"><\/li><\/ol><\/div><\/div><\/div><\/a><\/div><\/div><\/div><div class=\"wpb_column vc_column_container vc_col-sm-4\"><div class=\"vc_column-inner\"><div class=\"wpb_wrapper\"><\/div><\/div><\/div><\/div>\n<\/div>","protected":false},"excerpt":{"rendered":"Dernier hommage Dernier geste d'amour ou d'amiti\u00e9 que l'on offre \u00e0 un proche, le d\u00e9cor fun\u00e9raire doit r\u00e9pondre au mieux [...]","protected":false},"author":1,"featured_media":0,"parent":0,"menu_order":4,"comment_status":"closed","ping_status":"closed","template":"","meta":{"site-sidebar-layout":"no-sidebar","site-content-layout":"plain-container","ast-site-content-layout":"default","site-content-style":"default","site-sidebar-style":"default","ast-global-header-display":"","ast-banner-title-visibility":"","ast-main-header-display":"","ast-hfb-above-header-display":"","ast-hfb-below-header-display":"","ast-hfb-mobile-header-display":"","site-post-title":"disabled","ast-breadcrumbs-content":"","ast-featured-img":"disabled","footer-sml-layout":"","theme-transparent-header-meta":"","adv-header-id-meta":"","stick-header-meta":"","header-above-stick-meta":"","header-main-stick-meta":"","header-below-stick-meta":"","astra-migrate-meta-layouts":"default","ast-page-background-enabled":"default","ast-page-background-meta":{"desktop":{"background-color":"var(--ast-global-color-5)","background-image":"","background-repeat":"repeat","background-position":"center center","background-size":"auto","background-attachment":"scroll","background-type":"","background-media":"","overlay-type":"","overlay-color":"","overlay-opacity":"","overlay-gradient":""},"tablet":{"background-color":"","background-image":"","background-repeat":"repeat","background-position":"center center","background-size":"auto","background-attachment":"scroll","background-type":"","background-media":"","overlay-type":"","overlay-color":"","overlay-opacity":"","overlay-gradient":""},"mobile":{"background-color":"","background-image":"","background-repeat":"repeat","background-position":"center center","background-size":"auto","background-attachment":"scroll","background-type":"","background-media":"","overlay-type":"","overlay-color":"","overlay-opacity":"","overlay-gradient":""}},"ast-content-background-meta":{"desktop":{"background-color":"var(--ast-global-color-4)","background-image":"","background-repeat":"repeat","background-position":"center center","background-size":"auto","background-attachment":"scroll","background-type":"","background-media":"","overlay-type":"","overlay-color":"","overlay-opacity":"","overlay-gradient":""},"tablet":{"background-color":"var(--ast-global-color-4)","background-image":"","background-repeat":"repeat","background-position":"center center","background-size":"auto","background-attachment":"scroll","background-type":"","background-media":"","overlay-type":"","overlay-color":"","overlay-opacity":"","overlay-gradient":""},"mobile":{"background-color":"var(--ast-global-color-4)","background-image":"","background-repeat":"repeat","background-position":"center center","background-size":"auto","background-attachment":"scroll","background-type":"","background-media":"","overlay-type":"","overlay-color":"","overlay-opacity":"","overlay-gradient":""}},"footnotes":""},"class_list":["post-99","page","type-page","status-publish","hentry"],"yoast_head":"<!-- This site is optimized with the Yoast SEO plugin v27.5 - https:\/\/yoast.com\/product\/yoast-seo-wordpress\/ -->\n<title>Se Recueillir - Pleione design floral en seine et marne<\/title>\n<meta name=\"robots\" content=\"index, follow, max-snippet:-1, max-image-preview:large, max-video-preview:-1\" \/>\n<link rel=\"canonical\" href=\"https:\/\/www.pleione-designfloral.com\/?page_id=99\" \/>\n<meta property=\"og:locale\" content=\"fr_FR\" \/>\n<meta property=\"og:type\" content=\"article\" \/>\n<meta property=\"og:title\" content=\"Se Recueillir - Pleione design floral en seine et marne\" \/>\n<meta property=\"og:url\" content=\"https:\/\/www.pleione-designfloral.com\/?page_id=99\" \/>\n<meta property=\"og:site_name\" content=\"Pleione design floral en seine et marne\" \/>\n<meta property=\"article:modified_time\" content=\"2018-01-22T14:08:27+00:00\" \/>\n<meta name=\"twitter:card\" content=\"summary_large_image\" \/>\n<meta name=\"twitter:label1\" content=\"Dur\u00e9e de lecture estim\u00e9e\" \/>\n\t<meta name=\"twitter:data1\" content=\"1 minute\" \/>\n<script type=\"application\/ld+json\" class=\"yoast-schema-graph\">{\"@context\":\"https:\\\/\\\/schema.org\",\"@graph\":[{\"@type\":\"WebPage\",\"@id\":\"https:\\\/\\\/www.pleione-designfloral.com\\\/?page_id=99\",\"url\":\"https:\\\/\\\/www.pleione-designfloral.com\\\/?page_id=99\",\"name\":\"Se Recueillir - Pleione design floral en seine et marne\",\"isPartOf\":{\"@id\":\"https:\\\/\\\/www.pleione-designfloral.com\\\/#website\"},\"datePublished\":\"2015-04-29T13:58:55+00:00\",\"dateModified\":\"2018-01-22T14:08:27+00:00\",\"breadcrumb\":{\"@id\":\"https:\\\/\\\/www.pleione-designfloral.com\\\/?page_id=99#breadcrumb\"},\"inLanguage\":\"fr-FR\",\"potentialAction\":[{\"@type\":\"ReadAction\",\"target\":[\"https:\\\/\\\/www.pleione-designfloral.com\\\/?page_id=99\"]}]},{\"@type\":\"BreadcrumbList\",\"@id\":\"https:\\\/\\\/www.pleione-designfloral.com\\\/?page_id=99#breadcrumb\",\"itemListElement\":[{\"@type\":\"ListItem\",\"position\":1,\"name\":\"Accueil\",\"item\":\"https:\\\/\\\/www.pleione-designfloral.com\\\/\"},{\"@type\":\"ListItem\",\"position\":2,\"name\":\"Se Recueillir\"}]},{\"@type\":\"WebSite\",\"@id\":\"https:\\\/\\\/www.pleione-designfloral.com\\\/#website\",\"url\":\"https:\\\/\\\/www.pleione-designfloral.com\\\/\",\"name\":\"Pleione design floral en seine et marne\",\"description\":\"Votre Artisan Fleuriste\",\"potentialAction\":[{\"@type\":\"SearchAction\",\"target\":{\"@type\":\"EntryPoint\",\"urlTemplate\":\"https:\\\/\\\/www.pleione-designfloral.com\\\/?s={search_term_string}\"},\"query-input\":{\"@type\":\"PropertyValueSpecification\",\"valueRequired\":true,\"valueName\":\"search_term_string\"}}],\"inLanguage\":\"fr-FR\"}]}<\/script>\n<!-- \/ Yoast SEO plugin. -->","yoast_head_json":{"title":"Se Recueillir - Pleione design floral en seine et marne","robots":{"index":"index","follow":"follow","max-snippet":"max-snippet:-1","max-image-preview":"max-image-preview:large","max-video-preview":"max-video-preview:-1"},"canonical":"https:\/\/www.pleione-designfloral.com\/?page_id=99","og_locale":"fr_FR","og_type":"article","og_title":"Se Recueillir - Pleione design floral en seine et marne","og_url":"https:\/\/www.pleione-designfloral.com\/?page_id=99","og_site_name":"Pleione design floral en seine et marne","article_modified_time":"2018-01-22T14:08:27+00:00","twitter_card":"summary_large_image","twitter_misc":{"Dur\u00e9e de lecture estim\u00e9e":"1 minute"},"schema":{"@context":"https:\/\/schema.org","@graph":[{"@type":"WebPage","@id":"https:\/\/www.pleione-designfloral.com\/?page_id=99","url":"https:\/\/www.pleione-designfloral.com\/?page_id=99","name":"Se Recueillir - Pleione design floral en seine et marne","isPartOf":{"@id":"https:\/\/www.pleione-designfloral.com\/#website"},"datePublished":"2015-04-29T13:58:55+00:00","dateModified":"2018-01-22T14:08:27+00:00","breadcrumb":{"@id":"https:\/\/www.pleione-designfloral.com\/?page_id=99#breadcrumb"},"inLanguage":"fr-FR","potentialAction":[{"@type":"ReadAction","target":["https:\/\/www.pleione-designfloral.com\/?page_id=99"]}]},{"@type":"BreadcrumbList","@id":"https:\/\/www.pleione-designfloral.com\/?page_id=99#breadcrumb","itemListElement":[{"@type":"ListItem","position":1,"name":"Accueil","item":"https:\/\/www.pleione-designfloral.com\/"},{"@type":"ListItem","position":2,"name":"Se Recueillir"}]},{"@type":"WebSite","@id":"https:\/\/www.pleione-designfloral.com\/#website","url":"https:\/\/www.pleione-designfloral.com\/","name":"Pleione design floral en seine et marne","description":"Votre Artisan Fleuriste","potentialAction":[{"@type":"SearchAction","target":{"@type":"EntryPoint","urlTemplate":"https:\/\/www.pleione-designfloral.com\/?s={search_term_string}"},"query-input":{"@type":"PropertyValueSpecification","valueRequired":true,"valueName":"search_term_string"}}],"inLanguage":"fr-FR"}]}},"_links":{"self":[{"href":"https:\/\/www.pleione-designfloral.com\/index.php?rest_route=\/wp\/v2\/pages\/99","targetHints":{"allow":["GET"]}}],"collection":[{"href":"https:\/\/www.pleione-designfloral.com\/index.php?rest_route=\/wp\/v2\/pages"}],"about":[{"href":"https:\/\/www.pleione-designfloral.com\/index.php?rest_route=\/wp\/v2\/types\/page"}],"author":[{"embeddable":true,"href":"https:\/\/www.pleione-designfloral.com\/index.php?rest_route=\/wp\/v2\/users\/1"}],"replies":[{"embeddable":true,"href":"https:\/\/www.pleione-designfloral.com\/index.php?rest_route=%2Fwp%2Fv2%2Fcomments&post=99"}],"version-history":[{"count":7,"href":"https:\/\/www.pleione-designfloral.com\/index.php?rest_route=\/wp\/v2\/pages\/99\/revisions"}],"predecessor-version":[{"id":234,"href":"https:\/\/www.pleione-designfloral.com\/index.php?rest_route=\/wp\/v2\/pages\/99\/revisions\/234"}],"wp:attachment":[{"href":"https:\/\/www.pleione-designfloral.com\/index.php?rest_route=%2Fwp%2Fv2%2Fmedia&parent=99"}],"curies":[{"name":"wp","href":"https:\/\/api.w.org\/{rel}","templated":true}]}}