{"id":78,"date":"2015-04-29T13:53:03","date_gmt":"2015-04-29T13:53:03","guid":{"rendered":"https:\/\/www.pleione-designfloral.com\/?page_id=78"},"modified":"2020-12-14T10:11:10","modified_gmt":"2020-12-14T10:11:10","slug":"aimer","status":"publish","type":"page","link":"https:\/\/www.pleione-designfloral.com\/?page_id=78","title":{"rendered":"Aimer"},"content":{"rendered":"<div class=\"wpb-content-wrapper\"><div class=\"vc_row wpb_row vc_row-fluid\"><div class=\"wpb_column vc_column_container vc_col-sm-12\"><div class=\"vc_column-inner\"><div class=\"wpb_wrapper\">\n\t<div  class=\"wpb_single_image wpb_content_element vc_align_left wpb_content_element\">\n\t\t\n\t\t<figure class=\"wpb_wrapper vc_figure\">\n\t\t\t<div class=\"vc_single_image-wrapper   vc_box_border_grey\"><img loading=\"lazy\" decoding=\"async\" width=\"1000\" height=\"299\" src=\"https:\/\/www.pleione-designfloral.com\/wp-content\/uploads\/2015\/04\/aimer.jpg\" class=\"vc_single_image-img attachment-full\" alt=\"\" title=\"aimer\" srcset=\"https:\/\/www.pleione-designfloral.com\/wp-content\/uploads\/2015\/04\/aimer.jpg 1000w, https:\/\/www.pleione-designfloral.com\/wp-content\/uploads\/2015\/04\/aimer-300x90.jpg 300w\" sizes=\"auto, (max-width: 1000px) 100vw, 1000px\" \/><\/div>\n\t\t<\/figure>\n\t<\/div>\n<\/div><\/div><\/div><\/div><div class=\"vc_row wpb_row vc_row-fluid\"><div class=\"wpb_column vc_column_container vc_col-sm-6\"><div class=\"vc_column-inner\"><div class=\"wpb_wrapper\"><div id=\"ts-vcsc-textillate-4768401\" class=\"ts-textillate   \" data-loop=\"false\" data-delay=\"100\" data-in-effect=\"ts-composer-css-fadeIn\" data-in-sync=\"false\" data-in-shuffle=\"false\" data-in-reverse=\"false\"  style=\"font-family: Lobster; color: #666666 !important; font-size: 24px; line-height: 24px; font-weight: inherit; text-align: left; margin-top: 0px; margin-bottom: 0px;\">Le plus beau jour de votre vie doit \u00eatre inoubliable !<\/div>\n\t<div class=\"wpb_text_column wpb_content_element\" >\n\t\t<div class=\"wpb_wrapper\">\n\t\t\t<p>Sp\u00e9cialiste du mariage, <strong>Pleione<\/strong> vous propose de cr\u00e9er une<strong> ambiance unique<\/strong> et<strong> f\u00e9\u00e9rique pour votre mariage<\/strong>.<br \/>\nVous choisissez votre th\u00e8me, nous r\u00e9alisons <strong>le d\u00e9cor floral<\/strong> qui vous ressemble.<\/p>\n<ul>\n<li><strong>Bouquets de mari\u00e9e<\/strong>, du plus simple bouquet rond, au plus extravagant bouquet sac.<\/li>\n<li><strong>Boutonni\u00e8res<\/strong> pour vos t\u00e9moins, votre famille<\/li>\n<li><strong>Bouquets<\/strong>, bracelets ou <strong>couronnes florales<\/strong> pour vos demoiselles d\u2019honneur<\/li>\n<li>D\u00e9coration de voiture<\/li>\n<li>D\u00e9coration d\u2019\u00e9glise (bouts de bancs, dessus ou devant d\u2019autel\u2026)<\/li>\n<li>D\u00e9cors pour vos c\u00e9r\u00e9monies d\u2019engagement (<strong>arche fleurie<\/strong>, barnum, tapis, <strong>all\u00e9e de p\u00e9tales<\/strong>, bouts de chaises, lanternes\u2026)<\/li>\n<li>Compositions de buffet pour vin d\u2019honneur et buffet desserts.<\/li>\n<li>Centres de tables, chemins de table\u2026<\/li>\n<li>D\u00e9cors de salle<\/li>\n<\/ul>\n<p>Nous vous proposons <strong>un service sur-mesure<\/strong>, adapt\u00e9 \u00e0 vos envies et \u00e0 votre budget.<\/p>\n<p>N\u2019h\u00e9sitez pas \u00e0 nous contacter pour un rendez-vous.<\/p>\n<p>Nous nous d\u00e9pla\u00e7ons sur toute l\u2019Ile-de-France ainsi que le Loiret et l\u2019Yonne. Pour tout autre r\u00e9gion ou d\u00e9partement, merci de nous contacter.<\/p>\n\n\t\t<\/div>\n\t<\/div>\n<div id=\"1430315541991-4366caf9-d303\" class=\"vc_do_toggle vc_toggle vc_toggle_round vc_toggle_color_grey  vc_toggle_size_md\"><div class=\"vc_toggle_title\"><h4>Nos partenaires mariage :<\/h4><i class=\"vc_toggle_icon\"><\/i><\/div><div class=\"vc_toggle_content\"><p>Ch\u00e2teau d\u2019Augerville, Ch\u00e2teau de Bourron, F\u00e9\u00e9rie Imp\u00e9riale, Magali Tinti, Sony Photographe, Dessine-moi un soulier, les Noces romantiques, les Perles d\u2019Eug\u00e9nie, Laur\u00e9va Drag\u00e9es\u2026<\/p>\n<\/div><\/div><\/div><\/div><\/div><div class=\"wpb_column vc_column_container vc_col-sm-6\"><div class=\"vc_column-inner\"><div class=\"wpb_wrapper\"><div class=\"wpb_gallery wpb_content_element vc_clearfix wpb_content_element\" ><div class=\"wpb_wrapper\"><div class=\"wpb_gallery_slides wpb_flexslider flexslider_fade flexslider\" data-interval=\"5\" data-flex_fx=\"fade\"><ul class=\"slides\"><li><a class=\"\" href=\"https:\/\/www.pleione-designfloral.com\/wp-content\/uploads\/2015\/04\/Fleuriste_mariage_1.jpg\" data-lightbox=\"lightbox[rel-78-2774509667]\"><img decoding=\"async\" class=\"\" src=\"https:\/\/www.pleione-designfloral.com\/wp-content\/uploads\/2015\/04\/Fleuriste_mariage_1.jpg\" width=\"425\" height=\"425\" alt=\"Fleuriste mariage\" title=\"Fleuriste mariage\" loading=\"lazy\" \/><\/a><\/li><li><a class=\"\" href=\"https:\/\/www.pleione-designfloral.com\/wp-content\/uploads\/2015\/04\/Fleuriste_mariage_18.jpg\" data-lightbox=\"lightbox[rel-78-2774509667]\"><img decoding=\"async\" class=\"\" src=\"https:\/\/www.pleione-designfloral.com\/wp-content\/uploads\/2015\/04\/Fleuriste_mariage_18.jpg\" width=\"425\" height=\"425\" alt=\"bouquet de table\" title=\"bouquet de table\" loading=\"lazy\" \/><\/a><\/li><li><a class=\"\" href=\"https:\/\/www.pleione-designfloral.com\/wp-content\/uploads\/2015\/04\/Fleuriste_mariage_17.jpg\" data-lightbox=\"lightbox[rel-78-2774509667]\"><img decoding=\"async\" class=\"\" src=\"https:\/\/www.pleione-designfloral.com\/wp-content\/uploads\/2015\/04\/Fleuriste_mariage_17.jpg\" width=\"425\" height=\"425\" alt=\"Detail floral\" title=\"Detail floral\" loading=\"lazy\" \/><\/a><\/li><li><a class=\"\" href=\"https:\/\/www.pleione-designfloral.com\/wp-content\/uploads\/2015\/04\/Fleuriste_mariage_16.jpg\" data-lightbox=\"lightbox[rel-78-2774509667]\"><img decoding=\"async\" class=\"\" src=\"https:\/\/www.pleione-designfloral.com\/wp-content\/uploads\/2015\/04\/Fleuriste_mariage_16.jpg\" width=\"425\" height=\"425\" alt=\"Fleuriste mariage champ\u00eatre\" title=\"Fleuriste mariage  eglise\" loading=\"lazy\" \/><\/a><\/li><li><a class=\"\" href=\"https:\/\/www.pleione-designfloral.com\/wp-content\/uploads\/2015\/04\/Fleuriste_mariage_15.jpg\" data-lightbox=\"lightbox[rel-78-2774509667]\"><img decoding=\"async\" class=\"\" src=\"https:\/\/www.pleione-designfloral.com\/wp-content\/uploads\/2015\/04\/Fleuriste_mariage_15.jpg\" width=\"425\" height=\"425\" alt=\"Fleuriste mariage champ\u00eatre\" title=\"Fleuriste mariage  champ\u00eatre\" loading=\"lazy\" \/><\/a><\/li><li><a class=\"\" href=\"https:\/\/www.pleione-designfloral.com\/wp-content\/uploads\/2015\/04\/Fleuriste_mariage_14.jpg\" data-lightbox=\"lightbox[rel-78-2774509667]\"><img decoding=\"async\" class=\"\" src=\"https:\/\/www.pleione-designfloral.com\/wp-content\/uploads\/2015\/04\/Fleuriste_mariage_14.jpg\" width=\"425\" height=\"425\" alt=\"Fleurs pour evenement\" title=\"Fleurs pour evenement\" loading=\"lazy\" \/><\/a><\/li><li><a class=\"\" href=\"https:\/\/www.pleione-designfloral.com\/wp-content\/uploads\/2015\/04\/Fleuriste_mariage_13.jpg\" data-lightbox=\"lightbox[rel-78-2774509667]\"><img decoding=\"async\" class=\"\" src=\"https:\/\/www.pleione-designfloral.com\/wp-content\/uploads\/2015\/04\/Fleuriste_mariage_13.jpg\" width=\"425\" height=\"425\" alt=\"Habillage floral\" title=\"Habillage floral\" loading=\"lazy\" \/><\/a><\/li><li><a class=\"\" href=\"https:\/\/www.pleione-designfloral.com\/wp-content\/uploads\/2015\/04\/Fleuriste_mariage_12.jpg\" data-lightbox=\"lightbox[rel-78-2774509667]\"><img decoding=\"async\" class=\"\" src=\"https:\/\/www.pleione-designfloral.com\/wp-content\/uploads\/2015\/04\/Fleuriste_mariage_12.jpg\" width=\"425\" height=\"425\" alt=\"Agencement mariage\" title=\"Agencement mariage\" loading=\"lazy\" \/><\/a><\/li><li><a class=\"\" href=\"https:\/\/www.pleione-designfloral.com\/wp-content\/uploads\/2015\/04\/Fleuriste_mariage_11.jpg\" data-lightbox=\"lightbox[rel-78-2774509667]\"><img decoding=\"async\" class=\"\" src=\"https:\/\/www.pleione-designfloral.com\/wp-content\/uploads\/2015\/04\/Fleuriste_mariage_11.jpg\" width=\"425\" height=\"425\" alt=\"Fleurs pour mariage\" title=\"Fleurs pour mariage\" loading=\"lazy\" \/><\/a><\/li><li><a class=\"\" href=\"https:\/\/www.pleione-designfloral.com\/wp-content\/uploads\/2015\/04\/Fleuriste_mariage_10.jpg\" data-lightbox=\"lightbox[rel-78-2774509667]\"><img decoding=\"async\" class=\"\" src=\"https:\/\/www.pleione-designfloral.com\/wp-content\/uploads\/2015\/04\/Fleuriste_mariage_10.jpg\" width=\"425\" height=\"425\" alt=\"composition floral de table\" title=\"composition floral de table\" loading=\"lazy\" \/><\/a><\/li><li><a class=\"\" href=\"https:\/\/www.pleione-designfloral.com\/wp-content\/uploads\/2015\/04\/Fleuriste_mariage_9.jpg\" data-lightbox=\"lightbox[rel-78-2774509667]\"><img decoding=\"async\" class=\"\" src=\"https:\/\/www.pleione-designfloral.com\/wp-content\/uploads\/2015\/04\/Fleuriste_mariage_9.jpg\" width=\"425\" height=\"425\" alt=\"Bouquet de mari\u00e9e\" title=\"Bouquet de mari\u00e9e\" loading=\"lazy\" \/><\/a><\/li><li><a class=\"\" href=\"https:\/\/www.pleione-designfloral.com\/wp-content\/uploads\/2015\/04\/Fleuriste_mariage_7.jpg\" data-lightbox=\"lightbox[rel-78-2774509667]\"><img decoding=\"async\" class=\"\" src=\"https:\/\/www.pleione-designfloral.com\/wp-content\/uploads\/2015\/04\/Fleuriste_mariage_7.jpg\" width=\"425\" height=\"425\" alt=\"Fleurs exotiques\" title=\"Fleurs exotiques\" loading=\"lazy\" \/><\/a><\/li><li><a class=\"\" href=\"https:\/\/www.pleione-designfloral.com\/wp-content\/uploads\/2015\/04\/Fleuriste_mariage_8.jpg\" data-lightbox=\"lightbox[rel-78-2774509667]\"><img decoding=\"async\" class=\"\" src=\"https:\/\/www.pleione-designfloral.com\/wp-content\/uploads\/2015\/04\/Fleuriste_mariage_8.jpg\" width=\"425\" height=\"425\" alt=\"D\u00e9coration de salle de mariage\" title=\"D\u00e9coration de salle de mariage\" loading=\"lazy\" \/><\/a><\/li><li><a class=\"\" href=\"https:\/\/www.pleione-designfloral.com\/wp-content\/uploads\/2015\/04\/Fleuriste_mariage_6.jpg\" data-lightbox=\"lightbox[rel-78-2774509667]\"><img decoding=\"async\" class=\"\" src=\"https:\/\/www.pleione-designfloral.com\/wp-content\/uploads\/2015\/04\/Fleuriste_mariage_6.jpg\" width=\"425\" height=\"425\" alt=\"Bandeau de fleur mari\u00e9e\" title=\"Bandeau de fleur mari\u00e9e\" loading=\"lazy\" \/><\/a><\/li><li><a class=\"\" href=\"https:\/\/www.pleione-designfloral.com\/wp-content\/uploads\/2015\/04\/Fleuriste_mariage_5.jpg\" data-lightbox=\"lightbox[rel-78-2774509667]\"><img decoding=\"async\" class=\"\" src=\"https:\/\/www.pleione-designfloral.com\/wp-content\/uploads\/2015\/04\/Fleuriste_mariage_5.jpg\" width=\"425\" height=\"425\" alt=\"Porte alliance floral\" title=\"Porte alliance floral\" loading=\"lazy\" \/><\/a><\/li><li><a class=\"\" href=\"https:\/\/www.pleione-designfloral.com\/wp-content\/uploads\/2015\/04\/Fleuriste_mariage_4.jpg\" data-lightbox=\"lightbox[rel-78-2774509667]\"><img decoding=\"async\" class=\"\" src=\"https:\/\/www.pleione-designfloral.com\/wp-content\/uploads\/2015\/04\/Fleuriste_mariage_4.jpg\" width=\"425\" height=\"425\" alt=\"Bouquet de mariage\" title=\"Bouquet de mariage\" loading=\"lazy\" \/><\/a><\/li><li><a class=\"\" href=\"https:\/\/www.pleione-designfloral.com\/wp-content\/uploads\/2015\/04\/Fleuriste_mariage_3.jpg\" data-lightbox=\"lightbox[rel-78-2774509667]\"><img decoding=\"async\" class=\"\" src=\"https:\/\/www.pleione-designfloral.com\/wp-content\/uploads\/2015\/04\/Fleuriste_mariage_3.jpg\" width=\"425\" height=\"425\" alt=\"Fleuriste mariage bouquet\" title=\"Fleuriste mariage bouquet\" loading=\"lazy\" \/><\/a><\/li><li><a class=\"\" href=\"https:\/\/www.pleione-designfloral.com\/wp-content\/uploads\/2015\/04\/Fleuriste_mariage_2.jpg\" data-lightbox=\"lightbox[rel-78-2774509667]\"><img decoding=\"async\" class=\"\" src=\"https:\/\/www.pleione-designfloral.com\/wp-content\/uploads\/2015\/04\/Fleuriste_mariage_2.jpg\" width=\"425\" height=\"425\" alt=\"Fleuriste mariage r\u00e9ussi\" title=\"Fleuriste mariage r\u00e9ussi\" loading=\"lazy\" \/><\/a><\/li><\/ul><\/div><\/div><\/div><\/div><\/div><\/div><\/div><div class=\"vc_row wpb_row vc_row-fluid\"><div class=\"wpb_column vc_column_container vc_col-sm-4\"><div class=\"vc_column-inner\"><div class=\"wpb_wrapper\"><\/div><\/div><\/div><div class=\"wpb_column vc_column_container vc_col-sm-4\"><div class=\"vc_column-inner\"><div class=\"wpb_wrapper\"><a id=\"ts-vcsc-image-switch-6079919-link\" class=\"ts-imageswitch-link \"  style=\"margin: 0; padding: 0;\" href=\"https:\/\/fleuristes-et-fleurs.com\/fleuriste\/pleione-moret-sur-loing-77250\" target=\"_blank\" title=\"boutique fleuriste pleione\" data-random=\"6079919\"><div id=\"ts-vcsc-image-switch-6079919\" data-event=\"link\" data-trigger=\"ts-trigger-hover\" class=\"ts-imageswitch ts-imageswitch-fade ts-trigger-hover ts-imagefloat-center  ts-imageswitch-before   \"  style=\"margin-top: 0px; margin-bottom: 0px; width: 100%;\"><div id=\"ts-vcsc-image-switch-6079919-counter\" class=\"ts-switch-wrapper \" style=\"width: 100%; height: 100%;\"><div style=\"\" data-link=\"ts-vcsc-image-switch-6079919-link\" ><ol class=\"ts-imageswitch-items\" style=\"padding: 0px;\"><li class=\"ts-imageswitch__before active\" style=\"height: 100%;\"><img decoding=\"async\" src=\"https:\/\/www.pleione-designfloral.com\/wp-content\/uploads\/2018\/01\/boutique_pleione.jpg\" data-no-lazy=\"1\" loading=\"eager\" alt=\"boutique pleione\" style=\"width: 100%; height: auto;\" data-status=\"Before\"><\/li><li class=\"ts-imageswitch__after\" style=\"\" style=\"height: 100%;\"><img decoding=\"async\" src=\"https:\/\/www.pleione-designfloral.com\/wp-content\/uploads\/2018\/01\/boutique_pleione2.jpg\" data-no-lazy=\"1\" loading=\"eager\" alt=\"boutique fleuriste en ligne\" style=\"width: 100%; height: auto;\" data-status=\"After\" style=\"\"><\/li><\/ol><\/div><\/div><\/div><\/a><\/div><\/div><\/div><div class=\"wpb_column vc_column_container vc_col-sm-4\"><div class=\"vc_column-inner\"><div class=\"wpb_wrapper\"><\/div><\/div><\/div><\/div>\n<\/div>","protected":false},"excerpt":{"rendered":"Le plus beau jour de votre vie doit \u00eatre inoubliable ! Sp\u00e9cialiste du mariage, Pleione vous propose de cr\u00e9er une [...]","protected":false},"author":1,"featured_media":0,"parent":0,"menu_order":3,"comment_status":"closed","ping_status":"closed","template":"","meta":{"site-sidebar-layout":"no-sidebar","site-content-layout":"plain-container","ast-site-content-layout":"default","site-content-style":"default","site-sidebar-style":"default","ast-global-header-display":"","ast-banner-title-visibility":"","ast-main-header-display":"","ast-hfb-above-header-display":"","ast-hfb-below-header-display":"","ast-hfb-mobile-header-display":"","site-post-title":"disabled","ast-breadcrumbs-content":"","ast-featured-img":"disabled","footer-sml-layout":"","theme-transparent-header-meta":"","adv-header-id-meta":"","stick-header-meta":"","header-above-stick-meta":"","header-main-stick-meta":"","header-below-stick-meta":"","astra-migrate-meta-layouts":"default","ast-page-background-enabled":"default","ast-page-background-meta":{"desktop":{"background-color":"var(--ast-global-color-5)","background-image":"","background-repeat":"repeat","background-position":"center center","background-size":"auto","background-attachment":"scroll","background-type":"","background-media":"","overlay-type":"","overlay-color":"","overlay-opacity":"","overlay-gradient":""},"tablet":{"background-color":"","background-image":"","background-repeat":"repeat","background-position":"center center","background-size":"auto","background-attachment":"scroll","background-type":"","background-media":"","overlay-type":"","overlay-color":"","overlay-opacity":"","overlay-gradient":""},"mobile":{"background-color":"","background-image":"","background-repeat":"repeat","background-position":"center center","background-size":"auto","background-attachment":"scroll","background-type":"","background-media":"","overlay-type":"","overlay-color":"","overlay-opacity":"","overlay-gradient":""}},"ast-content-background-meta":{"desktop":{"background-color":"var(--ast-global-color-4)","background-image":"","background-repeat":"repeat","background-position":"center center","background-size":"auto","background-attachment":"scroll","background-type":"","background-media":"","overlay-type":"","overlay-color":"","overlay-opacity":"","overlay-gradient":""},"tablet":{"background-color":"var(--ast-global-color-4)","background-image":"","background-repeat":"repeat","background-position":"center center","background-size":"auto","background-attachment":"scroll","background-type":"","background-media":"","overlay-type":"","overlay-color":"","overlay-opacity":"","overlay-gradient":""},"mobile":{"background-color":"var(--ast-global-color-4)","background-image":"","background-repeat":"repeat","background-position":"center center","background-size":"auto","background-attachment":"scroll","background-type":"","background-media":"","overlay-type":"","overlay-color":"","overlay-opacity":"","overlay-gradient":""}},"footnotes":""},"class_list":["post-78","page","type-page","status-publish","hentry"],"yoast_head":"<!-- This site is optimized with the Yoast SEO plugin v27.5 - https:\/\/yoast.com\/product\/yoast-seo-wordpress\/ -->\n<title>Aimer - Pleione design floral en seine et marne<\/title>\n<meta name=\"robots\" content=\"index, follow, max-snippet:-1, max-image-preview:large, max-video-preview:-1\" \/>\n<link rel=\"canonical\" href=\"https:\/\/www.pleione-designfloral.com\/?page_id=78\" \/>\n<meta property=\"og:locale\" content=\"fr_FR\" \/>\n<meta property=\"og:type\" content=\"article\" \/>\n<meta property=\"og:title\" content=\"Aimer - Pleione design floral en seine et marne\" \/>\n<meta property=\"og:url\" content=\"https:\/\/www.pleione-designfloral.com\/?page_id=78\" \/>\n<meta property=\"og:site_name\" content=\"Pleione design floral en seine et marne\" \/>\n<meta property=\"article:modified_time\" content=\"2020-12-14T10:11:10+00:00\" \/>\n<meta name=\"twitter:card\" content=\"summary_large_image\" \/>\n<meta name=\"twitter:label1\" content=\"Dur\u00e9e de lecture estim\u00e9e\" \/>\n\t<meta name=\"twitter:data1\" content=\"2 minutes\" \/>\n<script type=\"application\/ld+json\" class=\"yoast-schema-graph\">{\"@context\":\"https:\\\/\\\/schema.org\",\"@graph\":[{\"@type\":\"WebPage\",\"@id\":\"https:\\\/\\\/www.pleione-designfloral.com\\\/?page_id=78\",\"url\":\"https:\\\/\\\/www.pleione-designfloral.com\\\/?page_id=78\",\"name\":\"Aimer - Pleione design floral en seine et marne\",\"isPartOf\":{\"@id\":\"https:\\\/\\\/www.pleione-designfloral.com\\\/#website\"},\"datePublished\":\"2015-04-29T13:53:03+00:00\",\"dateModified\":\"2020-12-14T10:11:10+00:00\",\"breadcrumb\":{\"@id\":\"https:\\\/\\\/www.pleione-designfloral.com\\\/?page_id=78#breadcrumb\"},\"inLanguage\":\"fr-FR\",\"potentialAction\":[{\"@type\":\"ReadAction\",\"target\":[\"https:\\\/\\\/www.pleione-designfloral.com\\\/?page_id=78\"]}]},{\"@type\":\"BreadcrumbList\",\"@id\":\"https:\\\/\\\/www.pleione-designfloral.com\\\/?page_id=78#breadcrumb\",\"itemListElement\":[{\"@type\":\"ListItem\",\"position\":1,\"name\":\"Accueil\",\"item\":\"https:\\\/\\\/www.pleione-designfloral.com\\\/\"},{\"@type\":\"ListItem\",\"position\":2,\"name\":\"Aimer\"}]},{\"@type\":\"WebSite\",\"@id\":\"https:\\\/\\\/www.pleione-designfloral.com\\\/#website\",\"url\":\"https:\\\/\\\/www.pleione-designfloral.com\\\/\",\"name\":\"Pleione design floral en seine et marne\",\"description\":\"Votre Artisan Fleuriste\",\"potentialAction\":[{\"@type\":\"SearchAction\",\"target\":{\"@type\":\"EntryPoint\",\"urlTemplate\":\"https:\\\/\\\/www.pleione-designfloral.com\\\/?s={search_term_string}\"},\"query-input\":{\"@type\":\"PropertyValueSpecification\",\"valueRequired\":true,\"valueName\":\"search_term_string\"}}],\"inLanguage\":\"fr-FR\"}]}<\/script>\n<!-- \/ Yoast SEO plugin. -->","yoast_head_json":{"title":"Aimer - Pleione design floral en seine et marne","robots":{"index":"index","follow":"follow","max-snippet":"max-snippet:-1","max-image-preview":"max-image-preview:large","max-video-preview":"max-video-preview:-1"},"canonical":"https:\/\/www.pleione-designfloral.com\/?page_id=78","og_locale":"fr_FR","og_type":"article","og_title":"Aimer - Pleione design floral en seine et marne","og_url":"https:\/\/www.pleione-designfloral.com\/?page_id=78","og_site_name":"Pleione design floral en seine et marne","article_modified_time":"2020-12-14T10:11:10+00:00","twitter_card":"summary_large_image","twitter_misc":{"Dur\u00e9e de lecture estim\u00e9e":"2 minutes"},"schema":{"@context":"https:\/\/schema.org","@graph":[{"@type":"WebPage","@id":"https:\/\/www.pleione-designfloral.com\/?page_id=78","url":"https:\/\/www.pleione-designfloral.com\/?page_id=78","name":"Aimer - Pleione design floral en seine et marne","isPartOf":{"@id":"https:\/\/www.pleione-designfloral.com\/#website"},"datePublished":"2015-04-29T13:53:03+00:00","dateModified":"2020-12-14T10:11:10+00:00","breadcrumb":{"@id":"https:\/\/www.pleione-designfloral.com\/?page_id=78#breadcrumb"},"inLanguage":"fr-FR","potentialAction":[{"@type":"ReadAction","target":["https:\/\/www.pleione-designfloral.com\/?page_id=78"]}]},{"@type":"BreadcrumbList","@id":"https:\/\/www.pleione-designfloral.com\/?page_id=78#breadcrumb","itemListElement":[{"@type":"ListItem","position":1,"name":"Accueil","item":"https:\/\/www.pleione-designfloral.com\/"},{"@type":"ListItem","position":2,"name":"Aimer"}]},{"@type":"WebSite","@id":"https:\/\/www.pleione-designfloral.com\/#website","url":"https:\/\/www.pleione-designfloral.com\/","name":"Pleione design floral en seine et marne","description":"Votre Artisan Fleuriste","potentialAction":[{"@type":"SearchAction","target":{"@type":"EntryPoint","urlTemplate":"https:\/\/www.pleione-designfloral.com\/?s={search_term_string}"},"query-input":{"@type":"PropertyValueSpecification","valueRequired":true,"valueName":"search_term_string"}}],"inLanguage":"fr-FR"}]}},"_links":{"self":[{"href":"https:\/\/www.pleione-designfloral.com\/index.php?rest_route=\/wp\/v2\/pages\/78","targetHints":{"allow":["GET"]}}],"collection":[{"href":"https:\/\/www.pleione-designfloral.com\/index.php?rest_route=\/wp\/v2\/pages"}],"about":[{"href":"https:\/\/www.pleione-designfloral.com\/index.php?rest_route=\/wp\/v2\/types\/page"}],"author":[{"embeddable":true,"href":"https:\/\/www.pleione-designfloral.com\/index.php?rest_route=\/wp\/v2\/users\/1"}],"replies":[{"embeddable":true,"href":"https:\/\/www.pleione-designfloral.com\/index.php?rest_route=%2Fwp%2Fv2%2Fcomments&post=78"}],"version-history":[{"count":10,"href":"https:\/\/www.pleione-designfloral.com\/index.php?rest_route=\/wp\/v2\/pages\/78\/revisions"}],"predecessor-version":[{"id":240,"href":"https:\/\/www.pleione-designfloral.com\/index.php?rest_route=\/wp\/v2\/pages\/78\/revisions\/240"}],"wp:attachment":[{"href":"https:\/\/www.pleione-designfloral.com\/index.php?rest_route=%2Fwp%2Fv2%2Fmedia&parent=78"}],"curies":[{"name":"wp","href":"https:\/\/api.w.org\/{rel}","templated":true}]}}