{"id":61,"date":"2015-04-29T13:21:26","date_gmt":"2015-04-29T13:21:26","guid":{"rendered":"https:\/\/www.pleione-designfloral.com\/?page_id=61"},"modified":"2020-12-14T10:11:27","modified_gmt":"2020-12-14T10:11:27","slug":"accueillir","status":"publish","type":"page","link":"https:\/\/www.pleione-designfloral.com\/?page_id=61","title":{"rendered":"Accueillir"},"content":{"rendered":"<div class=\"wpb-content-wrapper\"><div class=\"vc_row wpb_row vc_row-fluid\"><div class=\"wpb_column vc_column_container vc_col-sm-12\"><div class=\"vc_column-inner\"><div class=\"wpb_wrapper\">\n\t<div  class=\"wpb_single_image wpb_content_element vc_align_left wpb_content_element\">\n\t\t\n\t\t<figure class=\"wpb_wrapper vc_figure\">\n\t\t\t<div class=\"vc_single_image-wrapper   vc_box_border_grey\"><img loading=\"lazy\" decoding=\"async\" width=\"1000\" height=\"300\" src=\"https:\/\/www.pleione-designfloral.com\/wp-content\/uploads\/2015\/04\/recevoir.jpg\" class=\"vc_single_image-img attachment-full\" alt=\"\" title=\"recevoir\" srcset=\"https:\/\/www.pleione-designfloral.com\/wp-content\/uploads\/2015\/04\/recevoir.jpg 1000w, https:\/\/www.pleione-designfloral.com\/wp-content\/uploads\/2015\/04\/recevoir-300x90.jpg 300w\" sizes=\"auto, (max-width: 1000px) 100vw, 1000px\" \/><\/div>\n\t\t<\/figure>\n\t<\/div>\n<\/div><\/div><\/div><\/div><div class=\"vc_row wpb_row vc_row-fluid\"><div class=\"wpb_column vc_column_container vc_col-sm-6\"><div class=\"vc_column-inner\"><div class=\"wpb_wrapper\"><div id=\"ts-vcsc-textillate-6672827\" class=\"ts-textillate   \" data-loop=\"false\" data-delay=\"100\" data-in-effect=\"ts-composer-css-fadeIn\" data-in-sync=\"false\" data-in-shuffle=\"false\" data-in-reverse=\"false\"  style=\"font-family: Lobster; color: #666666 !important; font-size: 24px; line-height: 24px; font-weight: inherit; text-align: left; margin-top: 0px; margin-bottom: 0px;\">Entreprises<\/div>\n\t<div class=\"wpb_text_column wpb_content_element\" >\n\t\t<div class=\"wpb_wrapper\">\n\t\t\t<p>Vous souhaitez convier vos clients ou collaborateurs pour un lancement de produit, une inauguration de locaux, f\u00eater un nouveau contrat\u2026 apportez une <strong>touche raffin\u00e9e,<\/strong> une ambiance chaleureuse \u00e0 tous vos \u00e9v\u00e8nements.<\/p>\n<p><strong>Pleione<\/strong> saura vous r\u00e9aliser des<strong> compositions florales<\/strong> en ad\u00e9quation avec votre soir\u00e9e.<\/p>\n<p>Pour vos s\u00e9minaires et repas d&rsquo;affaires, nous r\u00e9alisons compositions de buffet et centres de table. Pour vos salons, nous sauront cr\u00e9er une <strong>mise en sc\u00e8ne v\u00e9g\u00e9tale<\/strong> de vos stands.<\/p>\n<p>Nos offres d\u2019abonnement\u00a0: chaque semaine, f<strong>leurissez votre hall<\/strong> d\u2019accueil ou vos bureaux avec <strong>nos compositions<\/strong>. Vous pouvez aussi apporter un peu de <strong>nature dans vos locaux<\/strong> avec nos offres de <strong>plantes d\u2019int\u00e9rieur<\/strong> (dracaena, ficus, areca, philodendron, spatiphyllum\u2026).<\/p>\n\n\t\t<\/div>\n\t<\/div>\n<div id=\"ts-vcsc-textillate-9027728\" class=\"ts-textillate   \" data-loop=\"false\" data-delay=\"100\" data-in-effect=\"ts-composer-css-fadeIn\" data-in-sync=\"false\" data-in-shuffle=\"false\" data-in-reverse=\"false\"  style=\"font-family: Lobster; color: #666666 !important; font-size: 24px; line-height: 24px; font-weight: inherit; text-align: left; margin-top: 0px; margin-bottom: 0px;\">Particuliers<\/div>\n\t<div class=\"wpb_text_column wpb_content_element\" >\n\t\t<div class=\"wpb_wrapper\">\n\t\t\t<p>Vous recevez vos amis \u00e0 d\u00eener, vous organisez un anniversaire, un bapt\u00eame\u2026<br \/>\n<strong>Fleurissez vos tables<\/strong> et buffets avec nos <strong>compositions florales<\/strong> r\u00e9alis\u00e9es pour tous <strong>les go\u00fbts et budgets<\/strong>.<\/p>\n<p>Du <strong>chemin de table champ\u00eatre<\/strong> au montage le plus sophistiqu\u00e9, vous trouverez votre bonheur\u00a0!<\/p>\n\n\t\t<\/div>\n\t<\/div>\n<\/div><\/div><\/div><div class=\"wpb_column vc_column_container vc_col-sm-6\"><div class=\"vc_column-inner\"><div class=\"wpb_wrapper\"><div class=\"wpb_gallery wpb_content_element vc_clearfix wpb_content_element\" ><div class=\"wpb_wrapper\"><div class=\"wpb_gallery_slides wpb_flexslider flexslider_fade flexslider\" data-interval=\"5\" data-flex_fx=\"fade\"><ul class=\"slides\"><li><a class=\"\" href=\"https:\/\/www.pleione-designfloral.com\/wp-content\/uploads\/2015\/04\/Fleuriste_entreprise-1.jpg\" data-lightbox=\"lightbox[rel-61-4048240976]\"><img decoding=\"async\" class=\"\" src=\"https:\/\/www.pleione-designfloral.com\/wp-content\/uploads\/2015\/04\/Fleuriste_entreprise-1.jpg\" width=\"425\" height=\"425\" alt=\"Fleuriste pour professionel\" title=\"Fleuriste pour professionel\" loading=\"lazy\" \/><\/a><\/li><li><a class=\"\" href=\"https:\/\/www.pleione-designfloral.com\/wp-content\/uploads\/2015\/04\/Fleuriste_entreprise-11.jpg\" data-lightbox=\"lightbox[rel-61-4048240976]\"><img decoding=\"async\" class=\"\" src=\"https:\/\/www.pleione-designfloral.com\/wp-content\/uploads\/2015\/04\/Fleuriste_entreprise-11.jpg\" width=\"425\" height=\"425\" alt=\"Fleuriste entreprise\" title=\"Fleuriste entreprise\" loading=\"lazy\" \/><\/a><\/li><li><a class=\"\" href=\"https:\/\/www.pleione-designfloral.com\/wp-content\/uploads\/2015\/04\/Fleuriste_entreprise-10.jpg\" data-lightbox=\"lightbox[rel-61-4048240976]\"><img decoding=\"async\" class=\"\" src=\"https:\/\/www.pleione-designfloral.com\/wp-content\/uploads\/2015\/04\/Fleuriste_entreprise-10.jpg\" width=\"425\" height=\"425\" alt=\"Fleuriste seminaire\" title=\"Fleuriste seminaire\" loading=\"lazy\" \/><\/a><\/li><li><a class=\"\" href=\"https:\/\/www.pleione-designfloral.com\/wp-content\/uploads\/2015\/04\/Fleuriste_entreprise-9.jpg\" data-lightbox=\"lightbox[rel-61-4048240976]\"><img decoding=\"async\" class=\"\" src=\"https:\/\/www.pleione-designfloral.com\/wp-content\/uploads\/2015\/04\/Fleuriste_entreprise-9.jpg\" width=\"425\" height=\"425\" alt=\"Fleuriste pour reception\" title=\"Fleuriste pour reception\" loading=\"lazy\" \/><\/a><\/li><li><a class=\"\" href=\"https:\/\/www.pleione-designfloral.com\/wp-content\/uploads\/2015\/04\/Fleuriste_entreprise-8.jpg\" data-lightbox=\"lightbox[rel-61-4048240976]\"><img decoding=\"async\" class=\"\" src=\"https:\/\/www.pleione-designfloral.com\/wp-content\/uploads\/2015\/04\/Fleuriste_entreprise-8.jpg\" width=\"425\" height=\"425\" alt=\"Fleuriste pour colloque\" title=\"Fleuriste pour colloque\" loading=\"lazy\" \/><\/a><\/li><li><a class=\"\" href=\"https:\/\/www.pleione-designfloral.com\/wp-content\/uploads\/2015\/04\/Fleuriste_entreprise-7.jpg\" data-lightbox=\"lightbox[rel-61-4048240976]\"><img decoding=\"async\" class=\"\" src=\"https:\/\/www.pleione-designfloral.com\/wp-content\/uploads\/2015\/04\/Fleuriste_entreprise-7.jpg\" width=\"425\" height=\"425\" alt=\"Fleuriste compositon floral\" title=\"Fleuriste compositon floral\" loading=\"lazy\" \/><\/a><\/li><li><a class=\"\" href=\"https:\/\/www.pleione-designfloral.com\/wp-content\/uploads\/2015\/04\/Fleuriste_entreprise-6.jpg\" data-lightbox=\"lightbox[rel-61-4048240976]\"><img decoding=\"async\" class=\"\" src=\"https:\/\/www.pleione-designfloral.com\/wp-content\/uploads\/2015\/04\/Fleuriste_entreprise-6.jpg\" width=\"425\" height=\"425\" alt=\"Fleuriste insead\" title=\"Fleuriste insead\" loading=\"lazy\" \/><\/a><\/li><li><a class=\"\" href=\"https:\/\/www.pleione-designfloral.com\/wp-content\/uploads\/2015\/04\/Fleuriste_entreprise-5.jpg\" data-lightbox=\"lightbox[rel-61-4048240976]\"><img decoding=\"async\" class=\"\" src=\"https:\/\/www.pleione-designfloral.com\/wp-content\/uploads\/2015\/04\/Fleuriste_entreprise-5.jpg\" width=\"425\" height=\"425\" alt=\"Fleuriste hall accueil\" title=\"Fleuriste hall accueil\" loading=\"lazy\" \/><\/a><\/li><li><a class=\"\" href=\"https:\/\/www.pleione-designfloral.com\/wp-content\/uploads\/2015\/04\/Fleuriste_entreprise-4.jpg\" data-lightbox=\"lightbox[rel-61-4048240976]\"><img decoding=\"async\" class=\"\" src=\"https:\/\/www.pleione-designfloral.com\/wp-content\/uploads\/2015\/04\/Fleuriste_entreprise-4.jpg\" width=\"425\" height=\"425\" alt=\"Fleuriste d\u00e9coration\" title=\"Fleuriste d\u00e9coration\" loading=\"lazy\" \/><\/a><\/li><li><a class=\"\" href=\"https:\/\/www.pleione-designfloral.com\/wp-content\/uploads\/2015\/04\/Fleuriste_entreprise-3.jpg\" data-lightbox=\"lightbox[rel-61-4048240976]\"><img decoding=\"async\" class=\"\" src=\"https:\/\/www.pleione-designfloral.com\/wp-content\/uploads\/2015\/04\/Fleuriste_entreprise-3.jpg\" width=\"425\" height=\"425\" alt=\"Fleuriste d\u00e9coration evenement\" title=\"Fleuriste d\u00e9coration evenement\" loading=\"lazy\" \/><\/a><\/li><li><a class=\"\" href=\"https:\/\/www.pleione-designfloral.com\/wp-content\/uploads\/2015\/04\/Fleuriste_entreprise-2.jpg\" data-lightbox=\"lightbox[rel-61-4048240976]\"><img decoding=\"async\" class=\"\" src=\"https:\/\/www.pleione-designfloral.com\/wp-content\/uploads\/2015\/04\/Fleuriste_entreprise-2.jpg\" width=\"425\" height=\"425\" alt=\"Fleuriste mariage\" title=\"Fleuriste mariage\" loading=\"lazy\" \/><\/a><\/li><\/ul><\/div><\/div><\/div><\/div><\/div><\/div><\/div><div class=\"vc_row wpb_row vc_row-fluid\"><div class=\"wpb_column vc_column_container vc_col-sm-4\"><div class=\"vc_column-inner\"><div class=\"wpb_wrapper\"><\/div><\/div><\/div><div class=\"wpb_column vc_column_container vc_col-sm-4\"><div class=\"vc_column-inner\"><div class=\"wpb_wrapper\"><a id=\"ts-vcsc-image-switch-8348079-link\" class=\"ts-imageswitch-link \"  style=\"margin: 0; padding: 0;\" href=\"https:\/\/fleuristes-et-fleurs.com\/fleuriste\/pleione-moret-sur-loing-77250\" target=\"_blank\" title=\"boutique fleuriste pleione\" data-random=\"8348079\"><div id=\"ts-vcsc-image-switch-8348079\" data-event=\"link\" data-trigger=\"ts-trigger-hover\" class=\"ts-imageswitch ts-imageswitch-fade ts-trigger-hover ts-imagefloat-center  ts-imageswitch-before   \"  style=\"margin-top: 0px; margin-bottom: 0px; width: 100%;\"><div id=\"ts-vcsc-image-switch-8348079-counter\" class=\"ts-switch-wrapper \" style=\"width: 100%; height: 100%;\"><div style=\"\" data-link=\"ts-vcsc-image-switch-8348079-link\" ><ol class=\"ts-imageswitch-items\" style=\"padding: 0px;\"><li class=\"ts-imageswitch__before active\" style=\"height: 100%;\"><img decoding=\"async\" src=\"https:\/\/www.pleione-designfloral.com\/wp-content\/uploads\/2018\/01\/boutique_pleione.jpg\" data-no-lazy=\"1\" loading=\"eager\" alt=\"boutique pleione\" style=\"width: 100%; height: auto;\" data-status=\"Before\"><\/li><li class=\"ts-imageswitch__after\" style=\"\" style=\"height: 100%;\"><img decoding=\"async\" src=\"https:\/\/www.pleione-designfloral.com\/wp-content\/uploads\/2018\/01\/boutique_pleione2.jpg\" data-no-lazy=\"1\" loading=\"eager\" alt=\"boutique fleuriste en ligne\" style=\"width: 100%; height: auto;\" data-status=\"After\" style=\"\"><\/li><\/ol><\/div><\/div><\/div><\/a><\/div><\/div><\/div><div class=\"wpb_column vc_column_container vc_col-sm-4\"><div class=\"vc_column-inner\"><div class=\"wpb_wrapper\"><\/div><\/div><\/div><\/div>\n<\/div>","protected":false},"excerpt":{"rendered":"Entreprises Vous souhaitez convier vos clients ou collaborateurs pour un lancement de produit, une inauguration de locaux, f\u00eater un nouveau [...]","protected":false},"author":1,"featured_media":0,"parent":0,"menu_order":3,"comment_status":"closed","ping_status":"closed","template":"","meta":{"site-sidebar-layout":"no-sidebar","site-content-layout":"plain-container","ast-site-content-layout":"default","site-content-style":"default","site-sidebar-style":"default","ast-global-header-display":"","ast-banner-title-visibility":"","ast-main-header-display":"","ast-hfb-above-header-display":"","ast-hfb-below-header-display":"","ast-hfb-mobile-header-display":"","site-post-title":"disabled","ast-breadcrumbs-content":"","ast-featured-img":"disabled","footer-sml-layout":"","theme-transparent-header-meta":"","adv-header-id-meta":"","stick-header-meta":"","header-above-stick-meta":"","header-main-stick-meta":"","header-below-stick-meta":"","astra-migrate-meta-layouts":"default","ast-page-background-enabled":"default","ast-page-background-meta":{"desktop":{"background-color":"var(--ast-global-color-5)","background-image":"","background-repeat":"repeat","background-position":"center center","background-size":"auto","background-attachment":"scroll","background-type":"","background-media":"","overlay-type":"","overlay-color":"","overlay-opacity":"","overlay-gradient":""},"tablet":{"background-color":"","background-image":"","background-repeat":"repeat","background-position":"center center","background-size":"auto","background-attachment":"scroll","background-type":"","background-media":"","overlay-type":"","overlay-color":"","overlay-opacity":"","overlay-gradient":""},"mobile":{"background-color":"","background-image":"","background-repeat":"repeat","background-position":"center center","background-size":"auto","background-attachment":"scroll","background-type":"","background-media":"","overlay-type":"","overlay-color":"","overlay-opacity":"","overlay-gradient":""}},"ast-content-background-meta":{"desktop":{"background-color":"var(--ast-global-color-4)","background-image":"","background-repeat":"repeat","background-position":"center center","background-size":"auto","background-attachment":"scroll","background-type":"","background-media":"","overlay-type":"","overlay-color":"","overlay-opacity":"","overlay-gradient":""},"tablet":{"background-color":"var(--ast-global-color-4)","background-image":"","background-repeat":"repeat","background-position":"center center","background-size":"auto","background-attachment":"scroll","background-type":"","background-media":"","overlay-type":"","overlay-color":"","overlay-opacity":"","overlay-gradient":""},"mobile":{"background-color":"var(--ast-global-color-4)","background-image":"","background-repeat":"repeat","background-position":"center center","background-size":"auto","background-attachment":"scroll","background-type":"","background-media":"","overlay-type":"","overlay-color":"","overlay-opacity":"","overlay-gradient":""}},"footnotes":""},"class_list":["post-61","page","type-page","status-publish","hentry"],"yoast_head":"<!-- This site is optimized with the Yoast SEO plugin v27.5 - https:\/\/yoast.com\/product\/yoast-seo-wordpress\/ -->\n<title>Accueillir - Pleione design floral en seine et marne<\/title>\n<meta name=\"robots\" content=\"index, follow, max-snippet:-1, max-image-preview:large, max-video-preview:-1\" \/>\n<link rel=\"canonical\" href=\"https:\/\/www.pleione-designfloral.com\/?page_id=61\" \/>\n<meta property=\"og:locale\" content=\"fr_FR\" \/>\n<meta property=\"og:type\" content=\"article\" \/>\n<meta property=\"og:title\" content=\"Accueillir - Pleione design floral en seine et marne\" \/>\n<meta property=\"og:url\" content=\"https:\/\/www.pleione-designfloral.com\/?page_id=61\" \/>\n<meta property=\"og:site_name\" content=\"Pleione design floral en seine et marne\" \/>\n<meta property=\"article:modified_time\" content=\"2020-12-14T10:11:27+00:00\" \/>\n<meta name=\"twitter:card\" content=\"summary_large_image\" \/>\n<meta name=\"twitter:label1\" content=\"Dur\u00e9e de lecture estim\u00e9e\" \/>\n\t<meta name=\"twitter:data1\" content=\"2 minutes\" \/>\n<script type=\"application\/ld+json\" class=\"yoast-schema-graph\">{\"@context\":\"https:\\\/\\\/schema.org\",\"@graph\":[{\"@type\":\"WebPage\",\"@id\":\"https:\\\/\\\/www.pleione-designfloral.com\\\/?page_id=61\",\"url\":\"https:\\\/\\\/www.pleione-designfloral.com\\\/?page_id=61\",\"name\":\"Accueillir - Pleione design floral en seine et marne\",\"isPartOf\":{\"@id\":\"https:\\\/\\\/www.pleione-designfloral.com\\\/#website\"},\"datePublished\":\"2015-04-29T13:21:26+00:00\",\"dateModified\":\"2020-12-14T10:11:27+00:00\",\"breadcrumb\":{\"@id\":\"https:\\\/\\\/www.pleione-designfloral.com\\\/?page_id=61#breadcrumb\"},\"inLanguage\":\"fr-FR\",\"potentialAction\":[{\"@type\":\"ReadAction\",\"target\":[\"https:\\\/\\\/www.pleione-designfloral.com\\\/?page_id=61\"]}]},{\"@type\":\"BreadcrumbList\",\"@id\":\"https:\\\/\\\/www.pleione-designfloral.com\\\/?page_id=61#breadcrumb\",\"itemListElement\":[{\"@type\":\"ListItem\",\"position\":1,\"name\":\"Accueil\",\"item\":\"https:\\\/\\\/www.pleione-designfloral.com\\\/\"},{\"@type\":\"ListItem\",\"position\":2,\"name\":\"Accueillir\"}]},{\"@type\":\"WebSite\",\"@id\":\"https:\\\/\\\/www.pleione-designfloral.com\\\/#website\",\"url\":\"https:\\\/\\\/www.pleione-designfloral.com\\\/\",\"name\":\"Pleione design floral en seine et marne\",\"description\":\"Votre Artisan Fleuriste\",\"potentialAction\":[{\"@type\":\"SearchAction\",\"target\":{\"@type\":\"EntryPoint\",\"urlTemplate\":\"https:\\\/\\\/www.pleione-designfloral.com\\\/?s={search_term_string}\"},\"query-input\":{\"@type\":\"PropertyValueSpecification\",\"valueRequired\":true,\"valueName\":\"search_term_string\"}}],\"inLanguage\":\"fr-FR\"}]}<\/script>\n<!-- \/ Yoast SEO plugin. -->","yoast_head_json":{"title":"Accueillir - Pleione design floral en seine et marne","robots":{"index":"index","follow":"follow","max-snippet":"max-snippet:-1","max-image-preview":"max-image-preview:large","max-video-preview":"max-video-preview:-1"},"canonical":"https:\/\/www.pleione-designfloral.com\/?page_id=61","og_locale":"fr_FR","og_type":"article","og_title":"Accueillir - Pleione design floral en seine et marne","og_url":"https:\/\/www.pleione-designfloral.com\/?page_id=61","og_site_name":"Pleione design floral en seine et marne","article_modified_time":"2020-12-14T10:11:27+00:00","twitter_card":"summary_large_image","twitter_misc":{"Dur\u00e9e de lecture estim\u00e9e":"2 minutes"},"schema":{"@context":"https:\/\/schema.org","@graph":[{"@type":"WebPage","@id":"https:\/\/www.pleione-designfloral.com\/?page_id=61","url":"https:\/\/www.pleione-designfloral.com\/?page_id=61","name":"Accueillir - Pleione design floral en seine et marne","isPartOf":{"@id":"https:\/\/www.pleione-designfloral.com\/#website"},"datePublished":"2015-04-29T13:21:26+00:00","dateModified":"2020-12-14T10:11:27+00:00","breadcrumb":{"@id":"https:\/\/www.pleione-designfloral.com\/?page_id=61#breadcrumb"},"inLanguage":"fr-FR","potentialAction":[{"@type":"ReadAction","target":["https:\/\/www.pleione-designfloral.com\/?page_id=61"]}]},{"@type":"BreadcrumbList","@id":"https:\/\/www.pleione-designfloral.com\/?page_id=61#breadcrumb","itemListElement":[{"@type":"ListItem","position":1,"name":"Accueil","item":"https:\/\/www.pleione-designfloral.com\/"},{"@type":"ListItem","position":2,"name":"Accueillir"}]},{"@type":"WebSite","@id":"https:\/\/www.pleione-designfloral.com\/#website","url":"https:\/\/www.pleione-designfloral.com\/","name":"Pleione design floral en seine et marne","description":"Votre Artisan Fleuriste","potentialAction":[{"@type":"SearchAction","target":{"@type":"EntryPoint","urlTemplate":"https:\/\/www.pleione-designfloral.com\/?s={search_term_string}"},"query-input":{"@type":"PropertyValueSpecification","valueRequired":true,"valueName":"search_term_string"}}],"inLanguage":"fr-FR"}]}},"_links":{"self":[{"href":"https:\/\/www.pleione-designfloral.com\/index.php?rest_route=\/wp\/v2\/pages\/61","targetHints":{"allow":["GET"]}}],"collection":[{"href":"https:\/\/www.pleione-designfloral.com\/index.php?rest_route=\/wp\/v2\/pages"}],"about":[{"href":"https:\/\/www.pleione-designfloral.com\/index.php?rest_route=\/wp\/v2\/types\/page"}],"author":[{"embeddable":true,"href":"https:\/\/www.pleione-designfloral.com\/index.php?rest_route=\/wp\/v2\/users\/1"}],"replies":[{"embeddable":true,"href":"https:\/\/www.pleione-designfloral.com\/index.php?rest_route=%2Fwp%2Fv2%2Fcomments&post=61"}],"version-history":[{"count":9,"href":"https:\/\/www.pleione-designfloral.com\/index.php?rest_route=\/wp\/v2\/pages\/61\/revisions"}],"predecessor-version":[{"id":241,"href":"https:\/\/www.pleione-designfloral.com\/index.php?rest_route=\/wp\/v2\/pages\/61\/revisions\/241"}],"wp:attachment":[{"href":"https:\/\/www.pleione-designfloral.com\/index.php?rest_route=%2Fwp%2Fv2%2Fmedia&parent=61"}],"curies":[{"name":"wp","href":"https:\/\/api.w.org\/{rel}","templated":true}]}}