{"id":29,"date":"2015-04-29T13:02:09","date_gmt":"2015-04-29T13:02:09","guid":{"rendered":"https:\/\/www.pleione-designfloral.com\/?page_id=29"},"modified":"2020-12-14T10:12:01","modified_gmt":"2020-12-14T10:12:01","slug":"offrir","status":"publish","type":"page","link":"https:\/\/www.pleione-designfloral.com\/?page_id=29","title":{"rendered":"Offrir"},"content":{"rendered":"<div class=\"wpb-content-wrapper\"><div class=\"vc_row wpb_row vc_row-fluid\"><div class=\"wpb_column vc_column_container vc_col-sm-12\"><div class=\"vc_column-inner\"><div class=\"wpb_wrapper\">\n\t<div  class=\"wpb_single_image wpb_content_element vc_align_left wpb_content_element\">\n\t\t\n\t\t<figure class=\"wpb_wrapper vc_figure\">\n\t\t\t<div class=\"vc_single_image-wrapper   vc_box_border_grey\"><img loading=\"lazy\" decoding=\"async\" width=\"1000\" height=\"300\" src=\"https:\/\/www.pleione-designfloral.com\/wp-content\/uploads\/2015\/04\/offrir.jpg\" class=\"vc_single_image-img attachment-full\" alt=\"\" title=\"offrir\" srcset=\"https:\/\/www.pleione-designfloral.com\/wp-content\/uploads\/2015\/04\/offrir.jpg 1000w, https:\/\/www.pleione-designfloral.com\/wp-content\/uploads\/2015\/04\/offrir-300x90.jpg 300w\" sizes=\"auto, (max-width: 1000px) 100vw, 1000px\" \/><\/div>\n\t\t<\/figure>\n\t<\/div>\n<\/div><\/div><\/div><\/div><div class=\"vc_row wpb_row vc_row-fluid\"><div class=\"wpb_column vc_column_container vc_col-sm-6\"><div class=\"vc_column-inner\"><div class=\"wpb_wrapper\"><div id=\"ts-vcsc-textillate-3205426\" class=\"ts-textillate   \" data-loop=\"false\" data-delay=\"100\" data-in-effect=\"ts-composer-css-fadeIn\" data-in-sync=\"false\" data-in-shuffle=\"false\" data-in-reverse=\"false\"  style=\"font-family: Lobster; color: #666666 !important; font-size: 24px; line-height: 24px; font-weight: inherit; text-align: left; margin-top: 0px; margin-bottom: 0px;\">Des bouquets et compositions florales \u00e0 l'image de ceux que vous aimez...<\/div>\n\t<div class=\"wpb_text_column wpb_content_element\" >\n\t\t<div class=\"wpb_wrapper\">\n\t\t\t<p>Un anniversaire, une naissance, un d\u00e9part en retraite, une invitation \u00e0 d\u00eener\u2026 rien de mieux que <strong>quelques fleurs pour exprimer ses sentiments<\/strong> \u00e0 votre famille, \u00e0 vos amis, \u00e0 vos coll\u00e8gues ou \u00e0 vos clients les plus pr\u00e9cieux.<\/p>\n<p><strong>Pleione<\/strong> vous proposera de jolis assemblages privil\u00e9giant les<strong> fleurs de saison<\/strong> cultiv\u00e9es en r\u00e9gion parisienne (selon approvisionnement et conditions climatiques) ou <strong>en France<\/strong>.<\/p>\n<p>Nous \u00e9vitons au maximum les <strong>fleurs en contre-saison<\/strong> et favorisons au maximum l\u2019<strong>approvisionnement Europ\u00e9en<\/strong> (Belgique, Pays-Bas, Italie).<\/p>\n\n\t\t<\/div>\n\t<\/div>\n<div id=\"ts-vcsc-textillate-6560433\" class=\"ts-textillate   \" data-loop=\"false\" data-delay=\"100\" data-in-effect=\"ts-composer-css-fadeIn\" data-in-sync=\"false\" data-in-shuffle=\"false\" data-in-reverse=\"false\"  style=\"font-family: Lobster; color: #666666 !important; font-size: 24px; line-height: 24px; font-weight: inherit; text-align: left; margin-top: 0px; margin-bottom: 0px;\">Abonnez-vous<\/div>\n\t<div class=\"wpb_text_column wpb_content_element\" >\n\t\t<div class=\"wpb_wrapper\">\n\t\t\t<p><strong>Offrez des fleurs<\/strong> \u00e0 ceux que vous aimez gr\u00e2ce \u00e0 nos abonnements.<\/p>\n<p>Choisissez votre rythme (mensuel, bi-mensuel, hebdomadaire), le montant mensuel et la dur\u00e9e (1 mois, 3 mois, 6 mois, un an\u2026), nous vous livrerons <strong>bouquets<\/strong>, avec ou sans <strong>pr\u00eat de vase<\/strong>, <strong>compositions piqu\u00e9es<\/strong> ou <strong>plantes<\/strong>, selon vos d\u00e9sirs.<\/p>\n\n\t\t<\/div>\n\t<\/div>\n<\/div><\/div><\/div><div class=\"wpb_column vc_column_container vc_col-sm-6\"><div class=\"vc_column-inner\"><div class=\"wpb_wrapper\"><div class=\"wpb_gallery wpb_content_element vc_clearfix wpb_content_element\" ><div class=\"wpb_wrapper\"><div class=\"wpb_gallery_slides wpb_flexslider flexslider_fade flexslider\" data-interval=\"5\" data-flex_fx=\"fade\"><ul class=\"slides\"><li><a class=\"\" href=\"https:\/\/www.pleione-designfloral.com\/wp-content\/uploads\/2015\/04\/fleuriste77_1.jpg\" data-lightbox=\"lightbox[rel-29-1654440872]\"><img decoding=\"async\" class=\"\" src=\"https:\/\/www.pleione-designfloral.com\/wp-content\/uploads\/2015\/04\/fleuriste77_1.jpg\" width=\"425\" height=\"425\" alt=\"fleuriste77_1\" title=\"fleuriste77_1\" loading=\"lazy\" \/><\/a><\/li><li><a class=\"\" href=\"https:\/\/www.pleione-designfloral.com\/wp-content\/uploads\/2015\/04\/fleuriste77_13.jpg\" data-lightbox=\"lightbox[rel-29-1654440872]\"><img decoding=\"async\" class=\"\" src=\"https:\/\/www.pleione-designfloral.com\/wp-content\/uploads\/2015\/04\/fleuriste77_13.jpg\" width=\"425\" height=\"425\" alt=\"fleuriste77_13\" title=\"fleuriste77_13\" loading=\"lazy\" \/><\/a><\/li><li><a class=\"\" href=\"https:\/\/www.pleione-designfloral.com\/wp-content\/uploads\/2015\/04\/fleuriste77_12.jpg\" data-lightbox=\"lightbox[rel-29-1654440872]\"><img decoding=\"async\" class=\"\" src=\"https:\/\/www.pleione-designfloral.com\/wp-content\/uploads\/2015\/04\/fleuriste77_12.jpg\" width=\"425\" height=\"425\" alt=\"fleuriste77_12\" title=\"fleuriste77_12\" loading=\"lazy\" \/><\/a><\/li><li><a class=\"\" href=\"https:\/\/www.pleione-designfloral.com\/wp-content\/uploads\/2015\/04\/fleuriste77_11.jpg\" data-lightbox=\"lightbox[rel-29-1654440872]\"><img decoding=\"async\" class=\"\" src=\"https:\/\/www.pleione-designfloral.com\/wp-content\/uploads\/2015\/04\/fleuriste77_11.jpg\" width=\"425\" height=\"425\" alt=\"fleuriste77_11\" title=\"fleuriste77_11\" loading=\"lazy\" \/><\/a><\/li><li><a class=\"\" href=\"https:\/\/www.pleione-designfloral.com\/wp-content\/uploads\/2015\/04\/fleuriste77_10.jpg\" data-lightbox=\"lightbox[rel-29-1654440872]\"><img decoding=\"async\" class=\"\" src=\"https:\/\/www.pleione-designfloral.com\/wp-content\/uploads\/2015\/04\/fleuriste77_10.jpg\" width=\"425\" height=\"425\" alt=\"fleuriste77_10\" title=\"fleuriste77_10\" loading=\"lazy\" \/><\/a><\/li><li><a class=\"\" href=\"https:\/\/www.pleione-designfloral.com\/wp-content\/uploads\/2015\/04\/fleuriste77_9.jpg\" data-lightbox=\"lightbox[rel-29-1654440872]\"><img decoding=\"async\" class=\"\" src=\"https:\/\/www.pleione-designfloral.com\/wp-content\/uploads\/2015\/04\/fleuriste77_9.jpg\" width=\"425\" height=\"425\" alt=\"fleuriste77_9\" title=\"fleuriste77_9\" loading=\"lazy\" \/><\/a><\/li><li><a class=\"\" href=\"https:\/\/www.pleione-designfloral.com\/wp-content\/uploads\/2015\/04\/fleuriste77_8.jpg\" data-lightbox=\"lightbox[rel-29-1654440872]\"><img decoding=\"async\" class=\"\" src=\"https:\/\/www.pleione-designfloral.com\/wp-content\/uploads\/2015\/04\/fleuriste77_8.jpg\" width=\"425\" height=\"425\" alt=\"fleuriste77_8\" title=\"fleuriste77_8\" loading=\"lazy\" \/><\/a><\/li><li><a class=\"\" href=\"https:\/\/www.pleione-designfloral.com\/wp-content\/uploads\/2015\/04\/fleuriste77_7.jpg\" data-lightbox=\"lightbox[rel-29-1654440872]\"><img decoding=\"async\" class=\"\" src=\"https:\/\/www.pleione-designfloral.com\/wp-content\/uploads\/2015\/04\/fleuriste77_7.jpg\" width=\"425\" height=\"425\" alt=\"fleuriste77_7\" title=\"fleuriste77_7\" loading=\"lazy\" \/><\/a><\/li><li><a class=\"\" href=\"https:\/\/www.pleione-designfloral.com\/wp-content\/uploads\/2015\/04\/fleuriste77_6.jpg\" data-lightbox=\"lightbox[rel-29-1654440872]\"><img decoding=\"async\" class=\"\" src=\"https:\/\/www.pleione-designfloral.com\/wp-content\/uploads\/2015\/04\/fleuriste77_6.jpg\" width=\"425\" height=\"425\" alt=\"fleuriste77_6\" title=\"fleuriste77_6\" loading=\"lazy\" \/><\/a><\/li><li><a class=\"\" href=\"https:\/\/www.pleione-designfloral.com\/wp-content\/uploads\/2015\/04\/fleuriste77_5.jpg\" data-lightbox=\"lightbox[rel-29-1654440872]\"><img decoding=\"async\" class=\"\" src=\"https:\/\/www.pleione-designfloral.com\/wp-content\/uploads\/2015\/04\/fleuriste77_5.jpg\" width=\"425\" height=\"425\" alt=\"fleuriste77_5\" title=\"fleuriste77_5\" loading=\"lazy\" \/><\/a><\/li><li><a class=\"\" href=\"https:\/\/www.pleione-designfloral.com\/wp-content\/uploads\/2015\/04\/fleuriste77_4.jpg\" data-lightbox=\"lightbox[rel-29-1654440872]\"><img decoding=\"async\" class=\"\" src=\"https:\/\/www.pleione-designfloral.com\/wp-content\/uploads\/2015\/04\/fleuriste77_4.jpg\" width=\"425\" height=\"425\" alt=\"fleuriste77_4\" title=\"fleuriste77_4\" loading=\"lazy\" \/><\/a><\/li><li><a class=\"\" href=\"https:\/\/www.pleione-designfloral.com\/wp-content\/uploads\/2015\/04\/fleuriste77_3.jpg\" data-lightbox=\"lightbox[rel-29-1654440872]\"><img decoding=\"async\" class=\"\" src=\"https:\/\/www.pleione-designfloral.com\/wp-content\/uploads\/2015\/04\/fleuriste77_3.jpg\" width=\"425\" height=\"425\" alt=\"fleuriste77_3\" title=\"fleuriste77_3\" loading=\"lazy\" \/><\/a><\/li><li><a class=\"\" href=\"https:\/\/www.pleione-designfloral.com\/wp-content\/uploads\/2015\/04\/fleuriste77_2.jpg\" data-lightbox=\"lightbox[rel-29-1654440872]\"><img decoding=\"async\" class=\"\" src=\"https:\/\/www.pleione-designfloral.com\/wp-content\/uploads\/2015\/04\/fleuriste77_2.jpg\" width=\"425\" height=\"425\" alt=\"fleuriste77_2\" title=\"fleuriste77_2\" loading=\"lazy\" \/><\/a><\/li><\/ul><\/div><\/div><\/div><\/div><\/div><\/div><\/div><div class=\"vc_row wpb_row vc_row-fluid\"><div class=\"wpb_column vc_column_container vc_col-sm-4\"><div class=\"vc_column-inner\"><div class=\"wpb_wrapper\"><\/div><\/div><\/div><div class=\"wpb_column vc_column_container vc_col-sm-4\"><div class=\"vc_column-inner\"><div class=\"wpb_wrapper\"><a id=\"ts-vcsc-image-switch-8265056-link\" class=\"ts-imageswitch-link \"  style=\"margin: 0; padding: 0;\" href=\"https:\/\/fleuristes-et-fleurs.com\/fleuriste\/pleione-moret-sur-loing-77250\" target=\"_blank\" title=\"boutique fleuriste pleione\" data-random=\"8265056\"><div id=\"ts-vcsc-image-switch-8265056\" data-event=\"link\" data-trigger=\"ts-trigger-hover\" class=\"ts-imageswitch ts-imageswitch-fade ts-trigger-hover ts-imagefloat-center  ts-imageswitch-before   \"  style=\"margin-top: 0px; margin-bottom: 0px; width: 100%;\"><div id=\"ts-vcsc-image-switch-8265056-counter\" class=\"ts-switch-wrapper \" style=\"width: 100%; height: 100%;\"><div style=\"\" data-link=\"ts-vcsc-image-switch-8265056-link\" ><ol class=\"ts-imageswitch-items\" style=\"padding: 0px;\"><li class=\"ts-imageswitch__before active\" style=\"height: 100%;\"><img decoding=\"async\" src=\"https:\/\/www.pleione-designfloral.com\/wp-content\/uploads\/2018\/01\/boutique_pleione.jpg\" data-no-lazy=\"1\" loading=\"eager\" alt=\"boutique pleione\" style=\"width: 100%; height: auto;\" data-status=\"Before\"><\/li><li class=\"ts-imageswitch__after\" style=\"\" style=\"height: 100%;\"><img decoding=\"async\" src=\"https:\/\/www.pleione-designfloral.com\/wp-content\/uploads\/2018\/01\/boutique_pleione2.jpg\" data-no-lazy=\"1\" loading=\"eager\" alt=\"boutique fleuriste en ligne\" style=\"width: 100%; height: auto;\" data-status=\"After\" style=\"\"><\/li><\/ol><\/div><\/div><\/div><\/a><\/div><\/div><\/div><div class=\"wpb_column vc_column_container vc_col-sm-4\"><div class=\"vc_column-inner\"><div class=\"wpb_wrapper\"><\/div><\/div><\/div><\/div>\n<\/div>","protected":false},"excerpt":{"rendered":"Des bouquets et compositions florales \u00e0 l'image de ceux que vous aimez... Un anniversaire, une naissance, un d\u00e9part en retraite, [...]","protected":false},"author":1,"featured_media":0,"parent":0,"menu_order":2,"comment_status":"closed","ping_status":"closed","template":"","meta":{"site-sidebar-layout":"no-sidebar","site-content-layout":"plain-container","ast-site-content-layout":"default","site-content-style":"default","site-sidebar-style":"default","ast-global-header-display":"","ast-banner-title-visibility":"","ast-main-header-display":"","ast-hfb-above-header-display":"","ast-hfb-below-header-display":"","ast-hfb-mobile-header-display":"","site-post-title":"disabled","ast-breadcrumbs-content":"","ast-featured-img":"disabled","footer-sml-layout":"","theme-transparent-header-meta":"","adv-header-id-meta":"","stick-header-meta":"","header-above-stick-meta":"","header-main-stick-meta":"","header-below-stick-meta":"","astra-migrate-meta-layouts":"default","ast-page-background-enabled":"default","ast-page-background-meta":{"desktop":{"background-color":"var(--ast-global-color-5)","background-image":"","background-repeat":"repeat","background-position":"center center","background-size":"auto","background-attachment":"scroll","background-type":"","background-media":"","overlay-type":"","overlay-color":"","overlay-opacity":"","overlay-gradient":""},"tablet":{"background-color":"","background-image":"","background-repeat":"repeat","background-position":"center center","background-size":"auto","background-attachment":"scroll","background-type":"","background-media":"","overlay-type":"","overlay-color":"","overlay-opacity":"","overlay-gradient":""},"mobile":{"background-color":"","background-image":"","background-repeat":"repeat","background-position":"center center","background-size":"auto","background-attachment":"scroll","background-type":"","background-media":"","overlay-type":"","overlay-color":"","overlay-opacity":"","overlay-gradient":""}},"ast-content-background-meta":{"desktop":{"background-color":"var(--ast-global-color-4)","background-image":"","background-repeat":"repeat","background-position":"center center","background-size":"auto","background-attachment":"scroll","background-type":"","background-media":"","overlay-type":"","overlay-color":"","overlay-opacity":"","overlay-gradient":""},"tablet":{"background-color":"var(--ast-global-color-4)","background-image":"","background-repeat":"repeat","background-position":"center center","background-size":"auto","background-attachment":"scroll","background-type":"","background-media":"","overlay-type":"","overlay-color":"","overlay-opacity":"","overlay-gradient":""},"mobile":{"background-color":"var(--ast-global-color-4)","background-image":"","background-repeat":"repeat","background-position":"center center","background-size":"auto","background-attachment":"scroll","background-type":"","background-media":"","overlay-type":"","overlay-color":"","overlay-opacity":"","overlay-gradient":""}},"footnotes":""},"class_list":["post-29","page","type-page","status-publish","hentry"],"yoast_head":"<!-- This site is optimized with the Yoast SEO plugin v27.5 - https:\/\/yoast.com\/product\/yoast-seo-wordpress\/ -->\n<title>Offrir - Pleione design floral en seine et marne<\/title>\n<meta name=\"robots\" content=\"index, follow, max-snippet:-1, max-image-preview:large, max-video-preview:-1\" \/>\n<link rel=\"canonical\" href=\"https:\/\/www.pleione-designfloral.com\/?page_id=29\" \/>\n<meta property=\"og:locale\" content=\"fr_FR\" \/>\n<meta property=\"og:type\" content=\"article\" \/>\n<meta property=\"og:title\" content=\"Offrir - Pleione design floral en seine et marne\" \/>\n<meta property=\"og:url\" content=\"https:\/\/www.pleione-designfloral.com\/?page_id=29\" \/>\n<meta property=\"og:site_name\" content=\"Pleione design floral en seine et marne\" \/>\n<meta property=\"article:modified_time\" content=\"2020-12-14T10:12:01+00:00\" \/>\n<meta name=\"twitter:card\" content=\"summary_large_image\" \/>\n<meta name=\"twitter:label1\" content=\"Dur\u00e9e de lecture estim\u00e9e\" \/>\n\t<meta name=\"twitter:data1\" content=\"1 minute\" \/>\n<script type=\"application\/ld+json\" class=\"yoast-schema-graph\">{\"@context\":\"https:\\\/\\\/schema.org\",\"@graph\":[{\"@type\":\"WebPage\",\"@id\":\"https:\\\/\\\/www.pleione-designfloral.com\\\/?page_id=29\",\"url\":\"https:\\\/\\\/www.pleione-designfloral.com\\\/?page_id=29\",\"name\":\"Offrir - Pleione design floral en seine et marne\",\"isPartOf\":{\"@id\":\"https:\\\/\\\/www.pleione-designfloral.com\\\/#website\"},\"datePublished\":\"2015-04-29T13:02:09+00:00\",\"dateModified\":\"2020-12-14T10:12:01+00:00\",\"breadcrumb\":{\"@id\":\"https:\\\/\\\/www.pleione-designfloral.com\\\/?page_id=29#breadcrumb\"},\"inLanguage\":\"fr-FR\",\"potentialAction\":[{\"@type\":\"ReadAction\",\"target\":[\"https:\\\/\\\/www.pleione-designfloral.com\\\/?page_id=29\"]}]},{\"@type\":\"BreadcrumbList\",\"@id\":\"https:\\\/\\\/www.pleione-designfloral.com\\\/?page_id=29#breadcrumb\",\"itemListElement\":[{\"@type\":\"ListItem\",\"position\":1,\"name\":\"Accueil\",\"item\":\"https:\\\/\\\/www.pleione-designfloral.com\\\/\"},{\"@type\":\"ListItem\",\"position\":2,\"name\":\"Offrir\"}]},{\"@type\":\"WebSite\",\"@id\":\"https:\\\/\\\/www.pleione-designfloral.com\\\/#website\",\"url\":\"https:\\\/\\\/www.pleione-designfloral.com\\\/\",\"name\":\"Pleione design floral en seine et marne\",\"description\":\"Votre Artisan Fleuriste\",\"potentialAction\":[{\"@type\":\"SearchAction\",\"target\":{\"@type\":\"EntryPoint\",\"urlTemplate\":\"https:\\\/\\\/www.pleione-designfloral.com\\\/?s={search_term_string}\"},\"query-input\":{\"@type\":\"PropertyValueSpecification\",\"valueRequired\":true,\"valueName\":\"search_term_string\"}}],\"inLanguage\":\"fr-FR\"}]}<\/script>\n<!-- \/ Yoast SEO plugin. -->","yoast_head_json":{"title":"Offrir - Pleione design floral en seine et marne","robots":{"index":"index","follow":"follow","max-snippet":"max-snippet:-1","max-image-preview":"max-image-preview:large","max-video-preview":"max-video-preview:-1"},"canonical":"https:\/\/www.pleione-designfloral.com\/?page_id=29","og_locale":"fr_FR","og_type":"article","og_title":"Offrir - Pleione design floral en seine et marne","og_url":"https:\/\/www.pleione-designfloral.com\/?page_id=29","og_site_name":"Pleione design floral en seine et marne","article_modified_time":"2020-12-14T10:12:01+00:00","twitter_card":"summary_large_image","twitter_misc":{"Dur\u00e9e de lecture estim\u00e9e":"1 minute"},"schema":{"@context":"https:\/\/schema.org","@graph":[{"@type":"WebPage","@id":"https:\/\/www.pleione-designfloral.com\/?page_id=29","url":"https:\/\/www.pleione-designfloral.com\/?page_id=29","name":"Offrir - Pleione design floral en seine et marne","isPartOf":{"@id":"https:\/\/www.pleione-designfloral.com\/#website"},"datePublished":"2015-04-29T13:02:09+00:00","dateModified":"2020-12-14T10:12:01+00:00","breadcrumb":{"@id":"https:\/\/www.pleione-designfloral.com\/?page_id=29#breadcrumb"},"inLanguage":"fr-FR","potentialAction":[{"@type":"ReadAction","target":["https:\/\/www.pleione-designfloral.com\/?page_id=29"]}]},{"@type":"BreadcrumbList","@id":"https:\/\/www.pleione-designfloral.com\/?page_id=29#breadcrumb","itemListElement":[{"@type":"ListItem","position":1,"name":"Accueil","item":"https:\/\/www.pleione-designfloral.com\/"},{"@type":"ListItem","position":2,"name":"Offrir"}]},{"@type":"WebSite","@id":"https:\/\/www.pleione-designfloral.com\/#website","url":"https:\/\/www.pleione-designfloral.com\/","name":"Pleione design floral en seine et marne","description":"Votre Artisan Fleuriste","potentialAction":[{"@type":"SearchAction","target":{"@type":"EntryPoint","urlTemplate":"https:\/\/www.pleione-designfloral.com\/?s={search_term_string}"},"query-input":{"@type":"PropertyValueSpecification","valueRequired":true,"valueName":"search_term_string"}}],"inLanguage":"fr-FR"}]}},"_links":{"self":[{"href":"https:\/\/www.pleione-designfloral.com\/index.php?rest_route=\/wp\/v2\/pages\/29","targetHints":{"allow":["GET"]}}],"collection":[{"href":"https:\/\/www.pleione-designfloral.com\/index.php?rest_route=\/wp\/v2\/pages"}],"about":[{"href":"https:\/\/www.pleione-designfloral.com\/index.php?rest_route=\/wp\/v2\/types\/page"}],"author":[{"embeddable":true,"href":"https:\/\/www.pleione-designfloral.com\/index.php?rest_route=\/wp\/v2\/users\/1"}],"replies":[{"embeddable":true,"href":"https:\/\/www.pleione-designfloral.com\/index.php?rest_route=%2Fwp%2Fv2%2Fcomments&post=29"}],"version-history":[{"count":11,"href":"https:\/\/www.pleione-designfloral.com\/index.php?rest_route=\/wp\/v2\/pages\/29\/revisions"}],"predecessor-version":[{"id":242,"href":"https:\/\/www.pleione-designfloral.com\/index.php?rest_route=\/wp\/v2\/pages\/29\/revisions\/242"}],"wp:attachment":[{"href":"https:\/\/www.pleione-designfloral.com\/index.php?rest_route=%2Fwp%2Fv2%2Fmedia&parent=29"}],"curies":[{"name":"wp","href":"https:\/\/api.w.org\/{rel}","templated":true}]}}