{"id":114,"date":"2015-04-29T14:27:56","date_gmt":"2015-04-29T14:27:56","guid":{"rendered":"https:\/\/www.pleione-designfloral.com\/?page_id=114"},"modified":"2022-07-07T07:28:15","modified_gmt":"2022-07-07T07:28:15","slug":"infos","status":"publish","type":"page","link":"https:\/\/www.pleione-designfloral.com\/?page_id=114","title":{"rendered":"Infos"},"content":{"rendered":"<div class=\"wpb-content-wrapper\"><div class=\"vc_row wpb_row vc_row-fluid\"><div class=\"wpb_column vc_column_container vc_col-sm-12\"><div class=\"vc_column-inner\"><div class=\"wpb_wrapper\"><div class=\"wpb_gmaps_widget wpb_content_element\"><div class=\"wpb_wrapper\"><div class=\"wpb_map_wraper\"><iframe loading=\"lazy\" src=\"https:\/\/www.google.com\/maps\/d\/embed?mid=1g5pmfrT3dsyDqPdrJWw-BCYweB8\" width=\"640\" height=\"300\"><\/iframe><\/div><\/div><\/div><\/div><\/div><\/div><\/div><div class=\"vc_row wpb_row vc_row-fluid vc_custom_1430922383271 vc_row-has-fill\"><div class=\"wpb_column vc_column_container vc_col-sm-12\"><div class=\"vc_column-inner\"><div class=\"wpb_wrapper\"><div id=\"ts-vcsc-textillate-9479724\" class=\"ts-textillate   \" data-loop=\"false\" data-delay=\"100\" data-in-effect=\"ts-composer-css-fadeIn\" data-in-sync=\"false\" data-in-shuffle=\"false\" data-in-reverse=\"false\"  style=\"font-family: Lobster; color: #666666 !important; font-size: 24px; line-height: 24px; font-weight: inherit; text-align: left; margin-top: 0px; margin-bottom: 0px;\">Contactez Pleione<\/div><\/div><\/div><\/div><\/div><div class=\"vc_row wpb_row vc_row-fluid vc_custom_1430922391248 vc_row-has-fill\"><div class=\"wpb_column vc_column_container vc_col-sm-6\"><div class=\"vc_column-inner\"><div class=\"wpb_wrapper\">\n\t<div class=\"wpb_text_column wpb_content_element\" >\n\t\t<div class=\"wpb_wrapper\">\n\t\t\t<p><span style=\"font-family: Times New Roman,serif;\"><span style=\"font-size: medium;\"><strong><a href=\"https:\/\/www.pleione-designfloral.com\/wp-content\/uploads\/2015\/04\/logo_pleioneV.png\"><img loading=\"lazy\" decoding=\"async\" class=\" size-full wp-image-125 alignleft\" src=\"https:\/\/www.pleione-designfloral.com\/wp-content\/uploads\/2015\/04\/logo_pleioneV.png\" alt=\"pleione fleuriste 77\" width=\"126\" height=\"126\" srcset=\"https:\/\/www.pleione-designfloral.com\/wp-content\/uploads\/2015\/04\/logo_pleioneV.png 200w, https:\/\/www.pleione-designfloral.com\/wp-content\/uploads\/2015\/04\/logo_pleioneV-150x150.png 150w\" sizes=\"auto, (max-width: 126px) 100vw, 126px\" \/><\/a><\/strong><\/span><\/span><\/p>\n<p>&nbsp;<\/p>\n<p><span style=\"font-family: Times New Roman,serif;\"><span style=\"font-size: medium;\"><strong>La boutique Pleione<\/strong> est situ\u00e9e au 69, rue du Peintre Sisley Moret-sur-Loing &#8211; 77250 Moret Loing et Orvanne<br \/>\n<\/span><\/span><\/p>\n<p><strong><span style=\"font-family: Times New Roman,serif;\"><span style=\"font-size: medium;\">T\u00e9l\u00e9phone : 09 61 48 25 08<br \/>\nMobile : 06 07 46 99 16<br \/>\n<\/span><\/span><\/strong><\/p>\n\n\t\t<\/div>\n\t<\/div>\n<div id=\"1430317340420-39ed904b-0974\" class=\"vc_do_toggle vc_toggle vc_toggle_round vc_toggle_color_grey  vc_toggle_size_md\"><div class=\"vc_toggle_title\"><h4>Heures d\u2019ouvertures de la boutique :<\/h4><i class=\"vc_toggle_icon\"><\/i><\/div><div class=\"vc_toggle_content\"><p>Heures d\u2019ouvertures de la boutique\u00a0:<br \/>\nDu mardi au samedi de 9h \u00e0 12h30, de 15h \u00e0 19h<br \/>\nDimanche de 10h \u00e0 13h<\/p>\n<\/div><\/div><div id=\"1439225802534-6fd1583e-1077\" class=\"vc_do_toggle vc_toggle vc_toggle_round vc_toggle_color_grey  vc_toggle_size_md\"><div class=\"vc_toggle_title\"><h4>Tarifs de livraison (sauf mariage, \u00e9v\u00e8nementiel et obs\u00e8ques) :<\/h4><i class=\"vc_toggle_icon\"><\/i><\/div><div class=\"vc_toggle_content\"><ul>\n<li>Moret-sur-Loing, Veneux &#8211; Les Sablons, Thomery\u00a0:<br \/>\n<strong>Gratuit<\/strong><\/li>\n<\/ul>\n<ul>\n<li>Ecuelles, Episy\u00a0:<br \/>\n<strong>3 euros<\/strong><\/li>\n<\/ul>\n<ul>\n<li>Saint-Mamm\u00e8s, Champagne-sur-Seine, Montarlot\u00a0:<br \/>\n<strong>4 euros<\/strong><\/li>\n<\/ul>\n<ul>\n<li>Montigny-sur-Loing, Bourron-Marlotte, Villecerf, Villemer, Dormelles, Fontainebleau, Avon, Vernou &#8211; La Celle-sur-Seine\u00a0:<br \/>\n<strong>5 euros<\/strong><\/li>\n<\/ul>\n<ul>\n<li>Montereau, Ville-Saint-Jacques, La Grande Paroisse, Samois-sur-Seine, Samoreau, Vulaines\u00a0:<br \/>\n<strong>7 euros<\/strong><\/li>\n<\/ul>\n<p><strong>Au-del\u00e0 et jusqu\u2019\u00e0 25 km\u00a0: 9 euros<\/strong><\/p>\n<\/div><\/div><div class=\"vc_row wpb_row vc_inner vc_row-fluid\"><div class=\"wpb_column vc_column_container vc_col-sm-6\"><div class=\"vc_column-inner\"><div class=\"wpb_wrapper\"><a id=\"ts-vcsc-image-switch-6416960-link\" class=\"ts-imageswitch-link \"  style=\"margin: 0; padding: 0;\" href=\"https:\/\/fleuristes-et-fleurs.com\/fleuriste\/pleione-moret-sur-loing-77250\" target=\"_blank\" title=\"boutique fleuriste pleione\" data-random=\"6416960\"><div id=\"ts-vcsc-image-switch-6416960\" data-event=\"link\" data-trigger=\"ts-trigger-hover\" class=\"ts-imageswitch ts-imageswitch-fade ts-trigger-hover ts-imagefloat-center  ts-imageswitch-before   \"  style=\"margin-top: 0px; margin-bottom: 0px; width: 100%;\"><div id=\"ts-vcsc-image-switch-6416960-counter\" class=\"ts-switch-wrapper \" style=\"width: 100%; height: 100%;\"><div style=\"\" data-link=\"ts-vcsc-image-switch-6416960-link\" ><ol class=\"ts-imageswitch-items\" style=\"padding: 0px;\"><li class=\"ts-imageswitch__before active\" style=\"height: 100%;\"><img decoding=\"async\" src=\"https:\/\/www.pleione-designfloral.com\/wp-content\/uploads\/2018\/01\/boutique_pleione.jpg\" data-no-lazy=\"1\" loading=\"eager\" alt=\"boutique pleione\" style=\"width: 100%; height: auto;\" data-status=\"Before\"><\/li><li class=\"ts-imageswitch__after\" style=\"\" style=\"height: 100%;\"><img decoding=\"async\" src=\"https:\/\/www.pleione-designfloral.com\/wp-content\/uploads\/2018\/01\/boutique_pleione2.jpg\" data-no-lazy=\"1\" loading=\"eager\" alt=\"boutique fleuriste en ligne\" style=\"width: 100%; height: auto;\" data-status=\"After\" style=\"\"><\/li><\/ol><\/div><\/div><\/div><\/a><\/div><\/div><\/div><div class=\"wpb_column vc_column_container vc_col-sm-6\"><div class=\"vc_column-inner\"><div class=\"wpb_wrapper\"><\/div><\/div><\/div><\/div><\/div><\/div><\/div><div class=\"wpb_column vc_column_container vc_col-sm-6\"><div class=\"vc_column-inner\"><div class=\"wpb_wrapper\"><div class=\"vc_empty_space\"   style=\"height: 32px\"><span class=\"vc_empty_space_inner\"><\/span><\/div><noscript class=\"ninja-forms-noscript-message\">\n\tRemarque\u00a0: JavaScript est requis pour ce contenu.<\/noscript>\n<div id=\"nf-form-2-cont\" class=\"nf-form-cont\" aria-live=\"polite\" aria-labelledby=\"nf-form-title-2\" aria-describedby=\"nf-form-errors-2\" role=\"form\">\n\n    <div class=\"nf-loading-spinner\"><\/div>\n\n<\/div>\n        <!-- That data is being printed as a workaround to page builders reordering the order of the scripts loaded-->\n        <script>var formDisplay=1;var nfForms=nfForms||[];var form=[];form.id='2';form.settings={\"objectType\":\"Form Setting\",\"editActive\":false,\"title\":\"contact pleione\",\"show_title\":1,\"allow_public_link\":0,\"embed_form\":\"\",\"clear_complete\":1,\"hide_complete\":1,\"default_label_pos\":\"above\",\"wrapper_class\":\"\",\"element_class\":\"\",\"key\":\"\",\"add_submit\":0,\"currency\":\"\",\"unique_field_error\":\"Un formulaire avec cette valeur a d\\u00e9j\\u00e0 \\u00e9t\\u00e9 envoy\\u00e9.\",\"logged_in\":false,\"not_logged_in_msg\":\"\",\"sub_limit_msg\":\"Le formulaire a atteint sa limite d\\u2019entr\\u00e9es.\",\"calculations\":[],\"formContentData\":[\"lastname_1657178718326\",\"email_1657178721179\",\"phone_1657178724132\",\"textarea_1657178743952\",\"spam_1657178751558\",\"submit_1657178762840\"],\"ninjaForms\":\"Ninja Forms\",\"changeEmailErrorMsg\":\"Veuillez saisir une adresse de messagerie valide. Ex\\u00a0: jean.dupont@gmail.com\",\"changeDateErrorMsg\":\"Veuillez saisir une date valide\\u00a0!\",\"confirmFieldErrorMsg\":\"Ces champs doivent correspondre\\u00a0!\",\"fieldNumberNumMinError\":\"Erreur de nombre min.\",\"fieldNumberNumMaxError\":\"Erreur de nombre max.\",\"fieldNumberIncrementBy\":\"Veuillez incr\\u00e9menter par \",\"fieldTextareaRTEInsertLink\":\"Ins\\u00e9rer un lien\",\"fieldTextareaRTEInsertMedia\":\"Ins\\u00e9rer un m\\u00e9dia\",\"fieldTextareaRTESelectAFile\":\"S\\u00e9lectionnez un fichier\",\"tableInsertRowAbove\":\"Insert Row Above\",\"tableInsertRowBelow\":\"Insert Row Below\",\"tableInsertColumnLeft\":\"Insert Column Left\",\"tableInsertColumnRight\":\"Insert Column Right\",\"tableDeleteRow\":\"Delete Row\",\"tableDeleteColumn\":\"Delete Column\",\"tableDeleteTable\":\"Delete Table\",\"tableLegacyNotice\":\"This content has tables in the old editor format. Custom styles are preserved until converted. Editing will update to the new format.\",\"tableLegacyConvert\":\"Convert Now\",\"tableInsertTable\":\"Insert Table\",\"dismiss\":\"Ignorer\",\"insertLink\":\"Ins\\u00e9rer un lien\",\"formErrorsCorrectErrors\":\"Veuillez corriger les erreurs avant d\\u2019envoyer ce formulaire.\",\"formHoneypot\":\"Si vous \\u00eates un \\u00eatre humain et que vous voyez ce champ, veuillez le laisser vide.\",\"validateRequiredField\":\"Ce champ est obligatoire.\",\"honeypotHoneypotError\":\"Erreur Honeypot\",\"fileUploadOldCodeFileUploadInProgress\":\"T\\u00e9l\\u00e9versement du fichier en cours.\",\"fileUploadOldCodeFileUpload\":\"T\\u00c9L\\u00c9VERSEMENT DE FICHIER\",\"currencySymbol\":false,\"fieldsMarkedRequired\":\"Les champs marqu\\u00e9s d\\u2019un <span class=\\\"ninja-forms-req-symbol\\\">*<\\\/span> sont obligatoires\",\"thousands_sep\":\"\\u00a0\",\"decimal_point\":\",\",\"siteLocale\":\"fr_FR\",\"dateFormat\":\"m\\\/d\\\/Y\",\"startOfWeek\":\"1\",\"of\":\"sur\",\"previousMonth\":\"Mois pr\\u00e9c\\u00e9dent\",\"nextMonth\":\"Mois suivant\",\"months\":[\"Janvier\",\"F\\u00e9vrier\",\"Mars\",\"Avril\",\"Mai\",\"Juin\",\"Juillet\",\"Ao\\u00fbt\",\"Septembre\",\"Octobre\",\"Novembre\",\"D\\u00e9cembre\"],\"monthsShort\":[\"Jan\",\"F\\u00e9v\",\"Mar\",\"Avr\",\"Mai\",\"Juin\",\"Juil\",\"Ao\\u00fb\",\"Sep\",\"Oct\",\"Nov\",\"D\\u00e9c\"],\"weekdays\":[\"Dimanche\",\"Lundi\",\"Mardi\",\"Mercredi\",\"Jeudi\",\"Vendredi\",\"Samedi\"],\"weekdaysShort\":[\"Dim\",\"Lun\",\"Mar\",\"Mer\",\"Jeu\",\"Ven\",\"Sam\"],\"weekdaysMin\":[\"Di\",\"Lu\",\"Ma\",\"Me\",\"Je\",\"Ve\",\"Sa\"],\"recaptchaConsentMissing\":\"reCaptcha validation couldn&#039;t load.\",\"recaptchaMissingCookie\":\"reCaptcha v3 validation couldn&#039;t load the cookie needed to submit the form.\",\"recaptchaConsentEvent\":\"Accept reCaptcha cookies before sending the form.\",\"currency_symbol\":\"\",\"beforeForm\":\"\",\"beforeFields\":\"\",\"afterFields\":\"\",\"afterForm\":\"\"};form.fields=[{\"objectType\":\"Field\",\"objectDomain\":\"fields\",\"editActive\":false,\"order\":1,\"idAttribute\":\"id\",\"type\":\"lastname\",\"label\":\"Nom\",\"key\":\"lastname_1657178718326\",\"label_pos\":\"above\",\"required\":false,\"default\":\"\",\"placeholder\":\"\",\"container_class\":\"\",\"element_class\":\"\",\"admin_label\":\"\",\"help_text\":\"\",\"custom_name_attribute\":\"lname\",\"personally_identifiable\":1,\"value\":\"\",\"id\":5,\"beforeField\":\"\",\"afterField\":\"\",\"parentType\":\"lastname\",\"element_templates\":[\"lastname\",\"input\"],\"old_classname\":\"\",\"wrap_template\":\"wrap\"},{\"objectType\":\"Field\",\"objectDomain\":\"fields\",\"editActive\":false,\"order\":2,\"idAttribute\":\"id\",\"type\":\"email\",\"label\":\"E-mail\",\"key\":\"email_1657178721179\",\"label_pos\":\"above\",\"required\":false,\"default\":\"\",\"placeholder\":\"\",\"container_class\":\"\",\"element_class\":\"\",\"admin_label\":\"\",\"help_text\":\"\",\"custom_name_attribute\":\"email\",\"personally_identifiable\":1,\"value\":\"\",\"id\":6,\"beforeField\":\"\",\"afterField\":\"\",\"parentType\":\"email\",\"element_templates\":[\"email\",\"input\"],\"old_classname\":\"\",\"wrap_template\":\"wrap\"},{\"objectType\":\"Field\",\"objectDomain\":\"fields\",\"editActive\":false,\"order\":3,\"idAttribute\":\"id\",\"type\":\"phone\",\"label\":\"T\\u00e9l.\",\"key\":\"phone_1657178724132\",\"label_pos\":\"above\",\"required\":false,\"default\":\"\",\"placeholder\":\"\",\"container_class\":\"\",\"element_class\":\"\",\"input_limit\":\"\",\"input_limit_type\":\"characters\",\"input_limit_msg\":\"Caract\\u00e8re(s) restant(s)\",\"manual_key\":false,\"admin_label\":\"\",\"help_text\":\"\",\"mask\":\"\",\"custom_mask\":\"\",\"custom_name_attribute\":\"phone\",\"personally_identifiable\":1,\"value\":\"\",\"id\":7,\"beforeField\":\"\",\"afterField\":\"\",\"parentType\":\"textbox\",\"element_templates\":[\"tel\",\"textbox\",\"input\"],\"old_classname\":\"\",\"wrap_template\":\"wrap\"},{\"objectType\":\"Field\",\"objectDomain\":\"fields\",\"editActive\":false,\"order\":4,\"idAttribute\":\"id\",\"type\":\"textarea\",\"label\":\"Paragraphe\",\"key\":\"textarea_1657178743952\",\"label_pos\":\"above\",\"required\":false,\"default\":\"\",\"placeholder\":\"\",\"container_class\":\"\",\"element_class\":\"\",\"input_limit\":\"\",\"input_limit_type\":\"characters\",\"input_limit_msg\":\"Caract\\u00e8re(s) restant(s)\",\"manual_key\":false,\"admin_label\":\"\",\"help_text\":\"\",\"textarea_rte\":\"\",\"disable_rte_mobile\":\"\",\"textarea_media\":\"\",\"value\":\"\",\"id\":8,\"beforeField\":\"\",\"afterField\":\"\",\"parentType\":\"textarea\",\"element_templates\":[\"textarea\",\"input\"],\"old_classname\":\"\",\"wrap_template\":\"wrap\"},{\"objectType\":\"Field\",\"objectDomain\":\"fields\",\"editActive\":false,\"order\":5,\"idAttribute\":\"id\",\"type\":\"spam\",\"label\":\"Merci de repondre \\u00e0 cet anti-spam : 3+4=??\",\"key\":\"spam_1657178751558\",\"label_pos\":\"above\",\"required\":1,\"default\":\"\",\"placeholder\":\"\",\"container_class\":\"\",\"element_class\":\"\",\"input_limit\":\"\",\"input_limit_type\":\"characters\",\"input_limit_msg\":\"Caract\\u00e8re(s) restant(s)\",\"manual_key\":true,\"admin_label\":\"\",\"help_text\":\"\",\"spam_answer\":7,\"value\":\"\",\"drawerDisabled\":false,\"id\":9,\"beforeField\":\"\",\"afterField\":\"\",\"parentType\":\"spam\",\"element_templates\":[\"textbox\",\"input\"],\"old_classname\":\"\",\"wrap_template\":\"wrap\"},{\"objectType\":\"Field\",\"objectDomain\":\"fields\",\"editActive\":false,\"order\":7,\"idAttribute\":\"id\",\"type\":\"submit\",\"label\":\"Envoyer\",\"processing_label\":\"En cours de traitement\",\"container_class\":\"\",\"element_class\":\"\",\"key\":\"submit_1657178762840\",\"id\":11,\"beforeField\":\"\",\"afterField\":\"\",\"value\":\"\",\"label_pos\":\"above\",\"parentType\":\"textbox\",\"element_templates\":[\"submit\",\"button\",\"input\"],\"old_classname\":\"\",\"wrap_template\":\"wrap-no-label\"}];nfForms.push(form);<\/script>\n        <\/div><\/div><\/div><\/div><div class=\"vc_row wpb_row vc_row-fluid\"><div class=\"wpb_column vc_column_container vc_col-sm-4\"><div class=\"vc_column-inner\"><div class=\"wpb_wrapper\"><\/div><\/div><\/div><div class=\"wpb_column vc_column_container vc_col-sm-4\"><div class=\"vc_column-inner\"><div class=\"wpb_wrapper\"><\/div><\/div><\/div><div class=\"wpb_column vc_column_container vc_col-sm-4\"><div class=\"vc_column-inner\"><div class=\"wpb_wrapper\"><\/div><\/div><\/div><\/div>\n<\/div>","protected":false},"excerpt":{"rendered":"Contactez Pleione &nbsp; La boutique Pleione est situ\u00e9e au 69, rue du Peintre Sisley Moret-sur-Loing - 77250 Moret Loing et [...]","protected":false},"author":1,"featured_media":0,"parent":0,"menu_order":5,"comment_status":"closed","ping_status":"closed","template":"","meta":{"site-sidebar-layout":"no-sidebar","site-content-layout":"plain-container","ast-site-content-layout":"default","site-content-style":"default","site-sidebar-style":"default","ast-global-header-display":"","ast-banner-title-visibility":"","ast-main-header-display":"","ast-hfb-above-header-display":"","ast-hfb-below-header-display":"","ast-hfb-mobile-header-display":"","site-post-title":"disabled","ast-breadcrumbs-content":"","ast-featured-img":"disabled","footer-sml-layout":"","theme-transparent-header-meta":"","adv-header-id-meta":"","stick-header-meta":"","header-above-stick-meta":"","header-main-stick-meta":"","header-below-stick-meta":"","astra-migrate-meta-layouts":"default","ast-page-background-enabled":"default","ast-page-background-meta":{"desktop":{"background-color":"var(--ast-global-color-5)","background-image":"","background-repeat":"repeat","background-position":"center center","background-size":"auto","background-attachment":"scroll","background-type":"","background-media":"","overlay-type":"","overlay-color":"","overlay-opacity":"","overlay-gradient":""},"tablet":{"background-color":"","background-image":"","background-repeat":"repeat","background-position":"center center","background-size":"auto","background-attachment":"scroll","background-type":"","background-media":"","overlay-type":"","overlay-color":"","overlay-opacity":"","overlay-gradient":""},"mobile":{"background-color":"","background-image":"","background-repeat":"repeat","background-position":"center center","background-size":"auto","background-attachment":"scroll","background-type":"","background-media":"","overlay-type":"","overlay-color":"","overlay-opacity":"","overlay-gradient":""}},"ast-content-background-meta":{"desktop":{"background-color":"var(--ast-global-color-4)","background-image":"","background-repeat":"repeat","background-position":"center center","background-size":"auto","background-attachment":"scroll","background-type":"","background-media":"","overlay-type":"","overlay-color":"","overlay-opacity":"","overlay-gradient":""},"tablet":{"background-color":"var(--ast-global-color-4)","background-image":"","background-repeat":"repeat","background-position":"center center","background-size":"auto","background-attachment":"scroll","background-type":"","background-media":"","overlay-type":"","overlay-color":"","overlay-opacity":"","overlay-gradient":""},"mobile":{"background-color":"var(--ast-global-color-4)","background-image":"","background-repeat":"repeat","background-position":"center center","background-size":"auto","background-attachment":"scroll","background-type":"","background-media":"","overlay-type":"","overlay-color":"","overlay-opacity":"","overlay-gradient":""}},"footnotes":""},"class_list":["post-114","page","type-page","status-publish","hentry"],"yoast_head":"<!-- This site is optimized with the Yoast SEO plugin v27.5 - https:\/\/yoast.com\/product\/yoast-seo-wordpress\/ -->\n<title>Infos - Pleione design floral en seine et marne<\/title>\n<meta name=\"robots\" content=\"index, follow, max-snippet:-1, max-image-preview:large, max-video-preview:-1\" \/>\n<link rel=\"canonical\" href=\"https:\/\/www.pleione-designfloral.com\/?page_id=114\" \/>\n<meta property=\"og:locale\" content=\"fr_FR\" \/>\n<meta property=\"og:type\" content=\"article\" \/>\n<meta property=\"og:title\" content=\"Infos - Pleione design floral en seine et marne\" \/>\n<meta property=\"og:url\" content=\"https:\/\/www.pleione-designfloral.com\/?page_id=114\" \/>\n<meta property=\"og:site_name\" content=\"Pleione design floral en seine et marne\" \/>\n<meta property=\"article:modified_time\" content=\"2022-07-07T07:28:15+00:00\" \/>\n<meta property=\"og:image\" content=\"https:\/\/www.pleione-designfloral.com\/wp-content\/uploads\/2015\/04\/logo_pleioneV.png\" \/>\n<meta name=\"twitter:card\" content=\"summary_large_image\" \/>\n<meta name=\"twitter:label1\" content=\"Dur\u00e9e de lecture estim\u00e9e\" \/>\n\t<meta name=\"twitter:data1\" content=\"2 minutes\" \/>\n<script type=\"application\/ld+json\" class=\"yoast-schema-graph\">{\"@context\":\"https:\\\/\\\/schema.org\",\"@graph\":[{\"@type\":\"WebPage\",\"@id\":\"https:\\\/\\\/www.pleione-designfloral.com\\\/?page_id=114\",\"url\":\"https:\\\/\\\/www.pleione-designfloral.com\\\/?page_id=114\",\"name\":\"Infos - Pleione design floral en seine et marne\",\"isPartOf\":{\"@id\":\"https:\\\/\\\/www.pleione-designfloral.com\\\/#website\"},\"primaryImageOfPage\":{\"@id\":\"https:\\\/\\\/www.pleione-designfloral.com\\\/?page_id=114#primaryimage\"},\"image\":{\"@id\":\"https:\\\/\\\/www.pleione-designfloral.com\\\/?page_id=114#primaryimage\"},\"thumbnailUrl\":\"https:\\\/\\\/www.pleione-designfloral.com\\\/wp-content\\\/uploads\\\/2015\\\/04\\\/logo_pleioneV.png\",\"datePublished\":\"2015-04-29T14:27:56+00:00\",\"dateModified\":\"2022-07-07T07:28:15+00:00\",\"breadcrumb\":{\"@id\":\"https:\\\/\\\/www.pleione-designfloral.com\\\/?page_id=114#breadcrumb\"},\"inLanguage\":\"fr-FR\",\"potentialAction\":[{\"@type\":\"ReadAction\",\"target\":[\"https:\\\/\\\/www.pleione-designfloral.com\\\/?page_id=114\"]}]},{\"@type\":\"ImageObject\",\"inLanguage\":\"fr-FR\",\"@id\":\"https:\\\/\\\/www.pleione-designfloral.com\\\/?page_id=114#primaryimage\",\"url\":\"https:\\\/\\\/www.pleione-designfloral.com\\\/wp-content\\\/uploads\\\/2015\\\/04\\\/logo_pleioneV.png\",\"contentUrl\":\"https:\\\/\\\/www.pleione-designfloral.com\\\/wp-content\\\/uploads\\\/2015\\\/04\\\/logo_pleioneV.png\",\"width\":200,\"height\":200,\"caption\":\"pleione fleuriste 77\"},{\"@type\":\"BreadcrumbList\",\"@id\":\"https:\\\/\\\/www.pleione-designfloral.com\\\/?page_id=114#breadcrumb\",\"itemListElement\":[{\"@type\":\"ListItem\",\"position\":1,\"name\":\"Accueil\",\"item\":\"https:\\\/\\\/www.pleione-designfloral.com\\\/\"},{\"@type\":\"ListItem\",\"position\":2,\"name\":\"Infos\"}]},{\"@type\":\"WebSite\",\"@id\":\"https:\\\/\\\/www.pleione-designfloral.com\\\/#website\",\"url\":\"https:\\\/\\\/www.pleione-designfloral.com\\\/\",\"name\":\"Pleione design floral en seine et marne\",\"description\":\"Votre Artisan Fleuriste\",\"potentialAction\":[{\"@type\":\"SearchAction\",\"target\":{\"@type\":\"EntryPoint\",\"urlTemplate\":\"https:\\\/\\\/www.pleione-designfloral.com\\\/?s={search_term_string}\"},\"query-input\":{\"@type\":\"PropertyValueSpecification\",\"valueRequired\":true,\"valueName\":\"search_term_string\"}}],\"inLanguage\":\"fr-FR\"}]}<\/script>\n<!-- \/ Yoast SEO plugin. -->","yoast_head_json":{"title":"Infos - Pleione design floral en seine et marne","robots":{"index":"index","follow":"follow","max-snippet":"max-snippet:-1","max-image-preview":"max-image-preview:large","max-video-preview":"max-video-preview:-1"},"canonical":"https:\/\/www.pleione-designfloral.com\/?page_id=114","og_locale":"fr_FR","og_type":"article","og_title":"Infos - Pleione design floral en seine et marne","og_url":"https:\/\/www.pleione-designfloral.com\/?page_id=114","og_site_name":"Pleione design floral en seine et marne","article_modified_time":"2022-07-07T07:28:15+00:00","og_image":[{"url":"https:\/\/www.pleione-designfloral.com\/wp-content\/uploads\/2015\/04\/logo_pleioneV.png","type":"","width":"","height":""}],"twitter_card":"summary_large_image","twitter_misc":{"Dur\u00e9e de lecture estim\u00e9e":"2 minutes"},"schema":{"@context":"https:\/\/schema.org","@graph":[{"@type":"WebPage","@id":"https:\/\/www.pleione-designfloral.com\/?page_id=114","url":"https:\/\/www.pleione-designfloral.com\/?page_id=114","name":"Infos - Pleione design floral en seine et marne","isPartOf":{"@id":"https:\/\/www.pleione-designfloral.com\/#website"},"primaryImageOfPage":{"@id":"https:\/\/www.pleione-designfloral.com\/?page_id=114#primaryimage"},"image":{"@id":"https:\/\/www.pleione-designfloral.com\/?page_id=114#primaryimage"},"thumbnailUrl":"https:\/\/www.pleione-designfloral.com\/wp-content\/uploads\/2015\/04\/logo_pleioneV.png","datePublished":"2015-04-29T14:27:56+00:00","dateModified":"2022-07-07T07:28:15+00:00","breadcrumb":{"@id":"https:\/\/www.pleione-designfloral.com\/?page_id=114#breadcrumb"},"inLanguage":"fr-FR","potentialAction":[{"@type":"ReadAction","target":["https:\/\/www.pleione-designfloral.com\/?page_id=114"]}]},{"@type":"ImageObject","inLanguage":"fr-FR","@id":"https:\/\/www.pleione-designfloral.com\/?page_id=114#primaryimage","url":"https:\/\/www.pleione-designfloral.com\/wp-content\/uploads\/2015\/04\/logo_pleioneV.png","contentUrl":"https:\/\/www.pleione-designfloral.com\/wp-content\/uploads\/2015\/04\/logo_pleioneV.png","width":200,"height":200,"caption":"pleione fleuriste 77"},{"@type":"BreadcrumbList","@id":"https:\/\/www.pleione-designfloral.com\/?page_id=114#breadcrumb","itemListElement":[{"@type":"ListItem","position":1,"name":"Accueil","item":"https:\/\/www.pleione-designfloral.com\/"},{"@type":"ListItem","position":2,"name":"Infos"}]},{"@type":"WebSite","@id":"https:\/\/www.pleione-designfloral.com\/#website","url":"https:\/\/www.pleione-designfloral.com\/","name":"Pleione design floral en seine et marne","description":"Votre Artisan Fleuriste","potentialAction":[{"@type":"SearchAction","target":{"@type":"EntryPoint","urlTemplate":"https:\/\/www.pleione-designfloral.com\/?s={search_term_string}"},"query-input":{"@type":"PropertyValueSpecification","valueRequired":true,"valueName":"search_term_string"}}],"inLanguage":"fr-FR"}]}},"_links":{"self":[{"href":"https:\/\/www.pleione-designfloral.com\/index.php?rest_route=\/wp\/v2\/pages\/114","targetHints":{"allow":["GET"]}}],"collection":[{"href":"https:\/\/www.pleione-designfloral.com\/index.php?rest_route=\/wp\/v2\/pages"}],"about":[{"href":"https:\/\/www.pleione-designfloral.com\/index.php?rest_route=\/wp\/v2\/types\/page"}],"author":[{"embeddable":true,"href":"https:\/\/www.pleione-designfloral.com\/index.php?rest_route=\/wp\/v2\/users\/1"}],"replies":[{"embeddable":true,"href":"https:\/\/www.pleione-designfloral.com\/index.php?rest_route=%2Fwp%2Fv2%2Fcomments&post=114"}],"version-history":[{"count":50,"href":"https:\/\/www.pleione-designfloral.com\/index.php?rest_route=\/wp\/v2\/pages\/114\/revisions"}],"predecessor-version":[{"id":247,"href":"https:\/\/www.pleione-designfloral.com\/index.php?rest_route=\/wp\/v2\/pages\/114\/revisions\/247"}],"wp:attachment":[{"href":"https:\/\/www.pleione-designfloral.com\/index.php?rest_route=%2Fwp%2Fv2%2Fmedia&parent=114"}],"curies":[{"name":"wp","href":"https:\/\/api.w.org\/{rel}","templated":true}]}}